{"id":457,"date":"2022-05-14T16:04:35","date_gmt":"2022-05-14T16:04:35","guid":{"rendered":"https:\/\/reveex.com\/laboratorios\/?post_type=product&#038;p=457"},"modified":"2022-05-14T16:05:10","modified_gmt":"2022-05-14T16:05:10","slug":"fluniveex-20ml","status":"publish","type":"product","link":"https:\/\/reveex.com\/laboratorios\/producto\/fluniveex-20ml\/","title":{"rendered":"Fluniveex 20ml"},"content":{"rendered":"<p>Soluci\u00f3n Inyectable<\/p>\n<p>Frascos con 20 ml.<\/p>\n<p><strong>Composici\u00f3n: <\/strong><\/p>\n<p>Flunixin (meglumine) 50 mg<\/p>\n<p>Excipiente c.s.p. 1 ml<\/p>\n<p><strong>Posolog\u00eda:<\/strong><\/p>\n<p>Bovinos: 2 ml\/50 kg p.v, por v\u00eda intramuscular profunda o intravenosa.<\/p>\n<p>Equinos: 1 ml\/50 kg p.v, por v\u00eda intramuscular o intravenosa.<\/p>\n<p>Porcinos: 2 ml\/50 kg p.v, por v\u00eda intramuscular profunda.<\/p>\n<p><b>C\u00f3digo<\/b><strong>:<\/strong><br \/>\nPT0191<\/p>\n","protected":false},"excerpt":{"rendered":"<p><strong> Indicaciones:<\/strong><\/p>\n<p align=\"justify\">Bovinos: Procesos respiratorios agudos, Mastitis agudas (especialmente colibacilares), Cojeras, Artritis, Miositis, Tendinitis, C\u00f3licosy Dolores de origen diverso.<\/p>\n<p align=\"justify\">Equinos: Miositis, Tendinitis, Bursitis, Artritis, Cojeras agudas, C\u00f3licos, Dolores de origen diverso y Agotamiento f\u00edsico despu\u00e9s de intensos y continuados ejercicios.<\/p>\n<p align=\"justify\">Porcinos: S\u00edndrome M.M.A. de las cerdas y afecciones articulares.<\/p>\n<p><strong> Administraci\u00f3n:<\/strong><\/p>\n<p align=\"justify\">Por v\u00eda intramuscular profunda o intravenosa. En caso necesario, repetir la dosis cada 24 horas, hasta 5 d\u00edas como m\u00e1ximo.<\/p>\n<p>&nbsp;<\/p>\n","protected":false},"featured_media":482,"comment_status":"closed","ping_status":"closed","template":"","meta":{"_exactmetrics_skip_tracking":false,"_exactmetrics_sitenote_active":false,"_exactmetrics_sitenote_note":"","_exactmetrics_sitenote_category":0,"_uf_show_specific_survey":0,"_uf_disable_surveys":false},"product_brand":[],"product_cat":[42],"product_tag":[43],"class_list":{"0":"post-457","1":"product","2":"type-product","3":"status-publish","4":"has-post-thumbnail","6":"product_cat-ganaderia-y-avicultura","7":"product_tag-ganaderia-y-avicultura","9":"first","10":"instock","11":"shipping-taxable","12":"product-type-simple"},"aioseo_notices":[],"_links":{"self":[{"href":"https:\/\/reveex.com\/laboratorios\/wp-json\/wp\/v2\/product\/457","targetHints":{"allow":["GET"]}}],"collection":[{"href":"https:\/\/reveex.com\/laboratorios\/wp-json\/wp\/v2\/product"}],"about":[{"href":"https:\/\/reveex.com\/laboratorios\/wp-json\/wp\/v2\/types\/product"}],"replies":[{"embeddable":true,"href":"https:\/\/reveex.com\/laboratorios\/wp-json\/wp\/v2\/comments?post=457"}],"wp:featuredmedia":[{"embeddable":true,"href":"https:\/\/reveex.com\/laboratorios\/wp-json\/wp\/v2\/media\/482"}],"wp:attachment":[{"href":"https:\/\/reveex.com\/laboratorios\/wp-json\/wp\/v2\/media?parent=457"}],"wp:term":[{"taxonomy":"product_brand","embeddable":true,"href":"https:\/\/reveex.com\/laboratorios\/wp-json\/wp\/v2\/product_brand?post=457"},{"taxonomy":"product_cat","embeddable":true,"href":"https:\/\/reveex.com\/laboratorios\/wp-json\/wp\/v2\/product_cat?post=457"},{"taxonomy":"product_tag","embeddable":true,"href":"https:\/\/reveex.com\/laboratorios\/wp-json\/wp\/v2\/product_tag?post=457"}],"curies":[{"name":"wp","href":"https:\/\/api.w.org\/{rel}","templated":true}]}}