{"id":453,"date":"2022-05-14T16:04:35","date_gmt":"2022-05-14T16:04:35","guid":{"rendered":"https:\/\/reveex.com\/laboratorios\/?post_type=product&#038;p=453"},"modified":"2022-05-25T19:53:42","modified_gmt":"2022-05-25T19:53:42","slug":"champu-antiparasitario","status":"publish","type":"product","link":"https:\/\/reveex.com\/laboratorios\/producto\/champu-antiparasitario\/","title":{"rendered":"Champ\u00fa Antiparasitario"},"content":{"rendered":"<p>Frascos con 100 ml.<\/p>\n<p><strong>Composici\u00f3n:<\/strong><\/p>\n<p>Cipermetrina<\/p>\n<p>Piperonil Butoxido<\/p>\n<p>Lauril eter sulfato<\/p>\n<p>Dietanolamina de coco<\/p>\n<p>Derivado acido graso<\/p>\n<p>Perfume<\/p>\n<p>Excipiente<\/p>\n<p>&nbsp;<\/p>\n","protected":false},"excerpt":{"rendered":"<p><strong> Indicaciones:<\/strong><\/p>\n<p align=\"justify\">Es un producto insecticida, desodorante y antis\u00e9ptico. Dise\u00f1ado para una limpieza profunda y completa con una acci\u00f3n insecticida directa en perros y gatos.<\/p>\n<p><strong> Administraci\u00f3n:<\/strong><\/p>\n<p align=\"justify\">Moje totalmente el pelo del animal con agua tibia y aplique peque\u00f1as cantidades del champ\u00fa frotando hasta obtener abundante espuma y reparti\u00e9ndola uniformemente por todo el animal. Deje que act\u00fae durante 2 a 3 minutos y aclare con abundante agua. Repetir en caso necesario y secar bien.<\/p>\n<p>&nbsp;<\/p>\n","protected":false},"featured_media":478,"comment_status":"closed","ping_status":"closed","template":"","meta":{"_exactmetrics_skip_tracking":false,"_exactmetrics_sitenote_active":false,"_exactmetrics_sitenote_note":"","_exactmetrics_sitenote_category":0,"_uf_show_specific_survey":0,"_uf_disable_surveys":false},"product_brand":[],"product_cat":[44],"product_tag":[45],"class_list":{"0":"post-453","1":"product","2":"type-product","3":"status-publish","4":"has-post-thumbnail","6":"product_cat-pets","7":"product_tag-pets","9":"first","10":"instock","11":"shipping-taxable","12":"product-type-simple"},"aioseo_notices":[],"_links":{"self":[{"href":"https:\/\/reveex.com\/laboratorios\/wp-json\/wp\/v2\/product\/453","targetHints":{"allow":["GET"]}}],"collection":[{"href":"https:\/\/reveex.com\/laboratorios\/wp-json\/wp\/v2\/product"}],"about":[{"href":"https:\/\/reveex.com\/laboratorios\/wp-json\/wp\/v2\/types\/product"}],"replies":[{"embeddable":true,"href":"https:\/\/reveex.com\/laboratorios\/wp-json\/wp\/v2\/comments?post=453"}],"wp:featuredmedia":[{"embeddable":true,"href":"https:\/\/reveex.com\/laboratorios\/wp-json\/wp\/v2\/media\/478"}],"wp:attachment":[{"href":"https:\/\/reveex.com\/laboratorios\/wp-json\/wp\/v2\/media?parent=453"}],"wp:term":[{"taxonomy":"product_brand","embeddable":true,"href":"https:\/\/reveex.com\/laboratorios\/wp-json\/wp\/v2\/product_brand?post=453"},{"taxonomy":"product_cat","embeddable":true,"href":"https:\/\/reveex.com\/laboratorios\/wp-json\/wp\/v2\/product_cat?post=453"},{"taxonomy":"product_tag","embeddable":true,"href":"https:\/\/reveex.com\/laboratorios\/wp-json\/wp\/v2\/product_tag?post=453"}],"curies":[{"name":"wp","href":"https:\/\/api.w.org\/{rel}","templated":true}]}}