{"id":451,"date":"2022-05-14T16:04:34","date_gmt":"2022-05-14T16:04:34","guid":{"rendered":"https:\/\/reveex.com\/laboratorios\/?post_type=product&#038;p=451"},"modified":"2022-05-14T16:05:01","modified_gmt":"2022-05-14T16:05:01","slug":"champu-vitaminado","status":"publish","type":"product","link":"https:\/\/reveex.com\/laboratorios\/producto\/champu-vitaminado\/","title":{"rendered":"Champ\u00fa Vitaminado"},"content":{"rendered":"<p>Frascos con 130 y 270 ml.<\/p>\n<p><strong>Composici\u00f3n:<\/strong><\/p>\n<p>Vitamina A, E y Pantenol (Milic\u00e1psulas) 1 g<\/p>\n<p>Perfume 0,25 g<\/p>\n<p>Conservantes 0,08 mg<\/p>\n<p>Colorantes 0,4 mg<\/p>\n<p>Base espumante acuosa c.s.p. 100 ml<\/p>\n<p><strong>Posolog\u00eda:<\/strong><\/p>\n<p><b>C\u00f3digo<\/b><strong>:<\/strong><\/p>\n","protected":false},"excerpt":{"rendered":"<p><strong> Indicaciones:<\/strong><\/p>\n<p align=\"justify\">Champ\u00fa con vitaminas para la higiene peri\u00f3dica especialmente formulado para perros, gatos y caballos con pelo seco y poroso. Fortalece la estructura del pelo. De agradable olor, proporciona un pelo suave, sedoso y brillante. Limpia suavemente el pelo y la piel.<\/p>\n<p><strong> Administraci\u00f3n:<\/strong><\/p>\n<p align=\"justify\">Moje totalmente el pelo del animal con agua tibia y aplique peque\u00f1as cantidades del champ\u00fa frotando hasta obtener abundante espuma y reparti\u00e9ndola uniformemente por todo el animal. Deje que act\u00fae durante 2 a 3 minutos y aclare con abundante agua. Repetir en caso necesario y secar bien.<\/p>\n<p>&nbsp;<\/p>\n","protected":false},"featured_media":476,"comment_status":"closed","ping_status":"closed","template":"","meta":{"_exactmetrics_skip_tracking":false,"_exactmetrics_sitenote_active":false,"_exactmetrics_sitenote_note":"","_exactmetrics_sitenote_category":0,"_uf_show_specific_survey":0,"_uf_disable_surveys":false},"product_brand":[],"product_cat":[44],"product_tag":[45],"class_list":{"0":"post-451","1":"product","2":"type-product","3":"status-publish","4":"has-post-thumbnail","6":"product_cat-pets","7":"product_tag-pets","9":"first","10":"instock","11":"shipping-taxable","12":"product-type-simple"},"aioseo_notices":[],"_links":{"self":[{"href":"https:\/\/reveex.com\/laboratorios\/wp-json\/wp\/v2\/product\/451","targetHints":{"allow":["GET"]}}],"collection":[{"href":"https:\/\/reveex.com\/laboratorios\/wp-json\/wp\/v2\/product"}],"about":[{"href":"https:\/\/reveex.com\/laboratorios\/wp-json\/wp\/v2\/types\/product"}],"replies":[{"embeddable":true,"href":"https:\/\/reveex.com\/laboratorios\/wp-json\/wp\/v2\/comments?post=451"}],"wp:featuredmedia":[{"embeddable":true,"href":"https:\/\/reveex.com\/laboratorios\/wp-json\/wp\/v2\/media\/476"}],"wp:attachment":[{"href":"https:\/\/reveex.com\/laboratorios\/wp-json\/wp\/v2\/media?parent=451"}],"wp:term":[{"taxonomy":"product_brand","embeddable":true,"href":"https:\/\/reveex.com\/laboratorios\/wp-json\/wp\/v2\/product_brand?post=451"},{"taxonomy":"product_cat","embeddable":true,"href":"https:\/\/reveex.com\/laboratorios\/wp-json\/wp\/v2\/product_cat?post=451"},{"taxonomy":"product_tag","embeddable":true,"href":"https:\/\/reveex.com\/laboratorios\/wp-json\/wp\/v2\/product_tag?post=451"}],"curies":[{"name":"wp","href":"https:\/\/api.w.org\/{rel}","templated":true}]}}