{"id":448,"date":"2022-05-14T16:04:34","date_gmt":"2022-05-14T16:04:34","guid":{"rendered":"https:\/\/reveex.com\/laboratorios\/?post_type=product&#038;p=448"},"modified":"2022-05-14T16:04:55","modified_gmt":"2022-05-14T16:04:55","slug":"antidiarex","status":"publish","type":"product","link":"https:\/\/reveex.com\/laboratorios\/producto\/antidiarex\/","title":{"rendered":"Antidiarex"},"content":{"rendered":"<p>Frasco con 50 ml<\/p>\n<p><strong>Composici\u00f3n:<\/strong><\/p>\n<p>Atapulgita activada 7 g<\/p>\n<p>Neomicina (sulfato) 0,5 g<\/p>\n<p>Sulfadimidina (s\u00f3dica) 1,2 g<\/p>\n<p>Tetraciclina (clorhidrato) 0,2 g<\/p>\n<p>Tylosina (tartrato) 0,2 g<\/p>\n<p>Vitamina A 200.000 U.I<\/p>\n<p>Vitamina C 0,5 g<\/p>\n<p>Vitamina B1 150 mg<\/p>\n<p>Vitamina B2 150 mg<\/p>\n<p>Vitamina B6 150 mg<\/p>\n<p>Excipiente c.s.p. 100 ml<\/p>\n<p><strong>Posolog\u00eda:<\/strong><\/p>\n<p>Perros y Gatos: 1 ml\/kg p.v., cada 12 horas, durante 3 a 5 d\u00edas. En casos graves, administrar el doble de dosis, como m\u00ednimo el primer d\u00eda de tratamiento.<\/p>\n<p><b>C\u00f3digo<\/b><strong>:<\/strong><\/p>\n","protected":false},"excerpt":{"rendered":"<p><strong> Indicaciones:<\/strong><\/p>\n<p align=\"justify\">Perros: Enteritis bacterianas. Enteritis de origen t\u00f3xico o alimentario. Diarreas por moquillo. Diarreas asociadas con la leptospirosis. Diarreas asociadas a infestaciones parasitarias.<\/p>\n<p align=\"justify\">Gatos: Enteritis bacterianas, Enteritis de origen t\u00f3xico o alimentario.<\/p>\n<p><strong> Administraci\u00f3n:<\/strong><\/p>\n<p align=\"justify\">Agitar el frasco y administrar por v\u00eda oral.<\/p>\n<p>&nbsp;<\/p>\n","protected":false},"featured_media":473,"comment_status":"closed","ping_status":"closed","template":"","meta":{"_exactmetrics_skip_tracking":false,"_exactmetrics_sitenote_active":false,"_exactmetrics_sitenote_note":"","_exactmetrics_sitenote_category":0,"_uf_show_specific_survey":0,"_uf_disable_surveys":false},"product_brand":[],"product_cat":[44],"product_tag":[45],"class_list":{"0":"post-448","1":"product","2":"type-product","3":"status-publish","4":"has-post-thumbnail","6":"product_cat-pets","7":"product_tag-pets","9":"first","10":"instock","11":"shipping-taxable","12":"product-type-simple"},"aioseo_notices":[],"_links":{"self":[{"href":"https:\/\/reveex.com\/laboratorios\/wp-json\/wp\/v2\/product\/448","targetHints":{"allow":["GET"]}}],"collection":[{"href":"https:\/\/reveex.com\/laboratorios\/wp-json\/wp\/v2\/product"}],"about":[{"href":"https:\/\/reveex.com\/laboratorios\/wp-json\/wp\/v2\/types\/product"}],"replies":[{"embeddable":true,"href":"https:\/\/reveex.com\/laboratorios\/wp-json\/wp\/v2\/comments?post=448"}],"wp:featuredmedia":[{"embeddable":true,"href":"https:\/\/reveex.com\/laboratorios\/wp-json\/wp\/v2\/media\/473"}],"wp:attachment":[{"href":"https:\/\/reveex.com\/laboratorios\/wp-json\/wp\/v2\/media?parent=448"}],"wp:term":[{"taxonomy":"product_brand","embeddable":true,"href":"https:\/\/reveex.com\/laboratorios\/wp-json\/wp\/v2\/product_brand?post=448"},{"taxonomy":"product_cat","embeddable":true,"href":"https:\/\/reveex.com\/laboratorios\/wp-json\/wp\/v2\/product_cat?post=448"},{"taxonomy":"product_tag","embeddable":true,"href":"https:\/\/reveex.com\/laboratorios\/wp-json\/wp\/v2\/product_tag?post=448"}],"curies":[{"name":"wp","href":"https:\/\/api.w.org\/{rel}","templated":true}]}}