{"id":445,"date":"2022-05-14T16:04:33","date_gmt":"2022-05-14T16:04:33","guid":{"rendered":"https:\/\/reveex.com\/laboratorios\/?post_type=product&#038;p=445"},"modified":"2022-05-14T16:04:51","modified_gmt":"2022-05-14T16:04:51","slug":"clopramid","status":"publish","type":"product","link":"https:\/\/reveex.com\/laboratorios\/producto\/clopramid\/","title":{"rendered":"Clopramid"},"content":{"rendered":"<p>Frasco con 10 ml.<\/p>\n<p><strong>Composici\u00f3n:<\/strong><\/p>\n<p>Metoclopramida clorhidrato 5 mg<\/p>\n<p>Excipiente c.s.p. 1 ml<\/p>\n<p><strong>Posolog\u00eda:<\/strong><\/p>\n<p>Perros y Gatos: la dosis de base es de 0,5 mg de Metoclopramida por Kg de peso vivo. Administrar 0,5 a 1 ml\/5 kg p.v (0,5 a 1 mg de Metoclopramida\/kg p.v).<\/p>\n<p><b>C\u00f3digo<\/b><strong>:<\/strong><\/p>\n","protected":false},"excerpt":{"rendered":"<p><strong> Indicaciones:<\/strong><\/p>\n<p align=\"justify\">Perros y Gatos: Tratamiento sintom\u00e1tico de n\u00e1useas y v\u00f3mitos, principalmente en casos de: gastritis, dispepsia, espasmo del p\u00edloro, nefritis cr\u00f3nica e intolerancia digestiva a ciertos medicamentos. Preparaci\u00f3n para exploraciones del tubo digestivo.<\/p>\n<p><strong> Administraci\u00f3n:<\/strong><\/p>\n<p align=\"justify\">Administrar por v\u00eda intravenosa lenta, intramuscular o subcut\u00e1nea.Las inyecciones pueden repetirse a intervalos de 6 a 8 horas. En caso de insuficiencia renal disminuir la dosis.<\/p>\n<p>&nbsp;<\/p>\n","protected":false},"featured_media":470,"comment_status":"closed","ping_status":"closed","template":"","meta":{"_exactmetrics_skip_tracking":false,"_exactmetrics_sitenote_active":false,"_exactmetrics_sitenote_note":"","_exactmetrics_sitenote_category":0,"_uf_show_specific_survey":0,"_uf_disable_surveys":false},"product_brand":[],"product_cat":[44],"product_tag":[45],"class_list":{"0":"post-445","1":"product","2":"type-product","3":"status-publish","4":"has-post-thumbnail","6":"product_cat-pets","7":"product_tag-pets","9":"first","10":"instock","11":"shipping-taxable","12":"product-type-simple"},"aioseo_notices":[],"_links":{"self":[{"href":"https:\/\/reveex.com\/laboratorios\/wp-json\/wp\/v2\/product\/445","targetHints":{"allow":["GET"]}}],"collection":[{"href":"https:\/\/reveex.com\/laboratorios\/wp-json\/wp\/v2\/product"}],"about":[{"href":"https:\/\/reveex.com\/laboratorios\/wp-json\/wp\/v2\/types\/product"}],"replies":[{"embeddable":true,"href":"https:\/\/reveex.com\/laboratorios\/wp-json\/wp\/v2\/comments?post=445"}],"wp:featuredmedia":[{"embeddable":true,"href":"https:\/\/reveex.com\/laboratorios\/wp-json\/wp\/v2\/media\/470"}],"wp:attachment":[{"href":"https:\/\/reveex.com\/laboratorios\/wp-json\/wp\/v2\/media?parent=445"}],"wp:term":[{"taxonomy":"product_brand","embeddable":true,"href":"https:\/\/reveex.com\/laboratorios\/wp-json\/wp\/v2\/product_brand?post=445"},{"taxonomy":"product_cat","embeddable":true,"href":"https:\/\/reveex.com\/laboratorios\/wp-json\/wp\/v2\/product_cat?post=445"},{"taxonomy":"product_tag","embeddable":true,"href":"https:\/\/reveex.com\/laboratorios\/wp-json\/wp\/v2\/product_tag?post=445"}],"curies":[{"name":"wp","href":"https:\/\/api.w.org\/{rel}","templated":true}]}}