{"id":427,"date":"2022-05-14T16:04:12","date_gmt":"2022-05-14T16:04:12","guid":{"rendered":"https:\/\/reveex.com\/laboratorios\/?post_type=product&#038;p=427"},"modified":"2022-05-14T16:04:48","modified_gmt":"2022-05-14T16:04:48","slug":"neumoveex","status":"publish","type":"product","link":"https:\/\/reveex.com\/laboratorios\/producto\/neumoveex\/","title":{"rendered":"Neumoveex"},"content":{"rendered":"<p><strong>Composici\u00f3n:<\/strong><\/p>\n<p>Sulfadiacina s\u00f3dica\u2026\u2026\u2026\u2026\u2026\u2026 200 mg<\/p>\n<p>Trimethoprim\u2026\u2026\u2026\u2026\u2026\u2026\u2026\u2026\u2026\u2026 40 mg<\/p>\n<p>Bromhexina clorhidrato\u2026\u2026\u2026.\u2026. 10 mg<\/p>\n<p>Excipiente c.s.p.\u2026\u2026\u2026\u2026\u2026\u2026\u2026 500 mg<\/p>\n<p><strong>Posolog\u00eda:<\/strong><\/p>\n<p><b>C\u00f3digo<\/b><strong>:<\/strong><\/p>\n","protected":false},"excerpt":{"rendered":"<p><strong> Indicaciones:<\/strong><\/p>\n<p align=\"justify\">NEUMOVEEX es un medicamento en forma de capsula cuyos principios activos son Sulfadiazina s\u00f3dica- Trimetoprim antibacteriano de amplio espectro, indicado para el tratamiento y control de enfermedades causadas por bacterias gram-positivas y gram-negativas.<\/p>\n<p align=\"justify\">Sulfadizina inhibe el desarrollo bacteriano al impedir que el \u00e1cido paraaminobenzoico, (PABA), sea incorporado a la mol\u00e9cula de \u00e1cido f\u00f3lico. Esta acci\u00f3n se da por la analog\u00eda estructural entre la mol\u00e9cula de sulfadiazina y el PABA. Trimetoprim, inhibe la enzima dihidrofolato reductasa que interviene en la formaci\u00f3n de \u00e1cido folinico a partir de \u00e1cido f\u00f3lico, impidiendo la formaci\u00f3n de folatos, indispensables para la s\u00edntesis de \u00e1cidos nucle\u00edcos.<\/p>\n<p align=\"justify\">De esta forma se produce bloqueo de la s\u00edntesis de \u00e1cido f\u00f3lico en dos niveles diferentes. As\u00ed, la asociaci\u00f3n Sulfa-Trimetoprim produce un efecto sin\u00e9rgico particularmente potente que conduce a una acci\u00f3n bactericida de amplio espectro.<\/p>\n<p><strong> Administraci\u00f3n:<\/strong><\/p>\n<p>&nbsp;<\/p>\n","protected":false},"featured_media":467,"comment_status":"closed","ping_status":"closed","template":"","meta":{"_exactmetrics_skip_tracking":false,"_exactmetrics_sitenote_active":false,"_exactmetrics_sitenote_note":"","_exactmetrics_sitenote_category":0,"_uf_show_specific_survey":0,"_uf_disable_surveys":false},"product_brand":[],"product_cat":[44],"product_tag":[45],"class_list":{"0":"post-427","1":"product","2":"type-product","3":"status-publish","4":"has-post-thumbnail","6":"product_cat-pets","7":"product_tag-pets","9":"first","10":"instock","11":"shipping-taxable","12":"product-type-simple"},"aioseo_notices":[],"_links":{"self":[{"href":"https:\/\/reveex.com\/laboratorios\/wp-json\/wp\/v2\/product\/427","targetHints":{"allow":["GET"]}}],"collection":[{"href":"https:\/\/reveex.com\/laboratorios\/wp-json\/wp\/v2\/product"}],"about":[{"href":"https:\/\/reveex.com\/laboratorios\/wp-json\/wp\/v2\/types\/product"}],"replies":[{"embeddable":true,"href":"https:\/\/reveex.com\/laboratorios\/wp-json\/wp\/v2\/comments?post=427"}],"wp:featuredmedia":[{"embeddable":true,"href":"https:\/\/reveex.com\/laboratorios\/wp-json\/wp\/v2\/media\/467"}],"wp:attachment":[{"href":"https:\/\/reveex.com\/laboratorios\/wp-json\/wp\/v2\/media?parent=427"}],"wp:term":[{"taxonomy":"product_brand","embeddable":true,"href":"https:\/\/reveex.com\/laboratorios\/wp-json\/wp\/v2\/product_brand?post=427"},{"taxonomy":"product_cat","embeddable":true,"href":"https:\/\/reveex.com\/laboratorios\/wp-json\/wp\/v2\/product_cat?post=427"},{"taxonomy":"product_tag","embeddable":true,"href":"https:\/\/reveex.com\/laboratorios\/wp-json\/wp\/v2\/product_tag?post=427"}],"curies":[{"name":"wp","href":"https:\/\/api.w.org\/{rel}","templated":true}]}}