{"id":424,"date":"2022-05-14T16:04:11","date_gmt":"2022-05-14T16:04:11","guid":{"rendered":"https:\/\/reveex.com\/laboratorios\/?post_type=product&#038;p=424"},"modified":"2022-05-14T16:04:44","modified_gmt":"2022-05-14T16:04:44","slug":"jabon-antiparasitario","status":"publish","type":"product","link":"https:\/\/reveex.com\/laboratorios\/producto\/jabon-antiparasitario\/","title":{"rendered":"Jab\u00f3n Antiparasitario"},"content":{"rendered":"<p>Estuche con 1 pastilla de jab\u00f3n de 80 g.<\/p>\n<p><strong>Composici\u00f3n:<\/strong><\/p>\n<p>Lindano 1 g<\/p>\n<p>Aceite de Pino 2 g<\/p>\n<p>Base espumante para jab\u00f3n c.s.p. 100 g<\/p>\n<p><strong>Posolog\u00eda:<\/strong><\/p>\n<p><b>C\u00f3digo<\/b><strong>:<\/strong><\/p>\n","protected":false},"excerpt":{"rendered":"<p><strong> Indicaciones:<\/strong><\/p>\n<p align=\"justify\">Perros: Parasitosis externas y limpieza. Jab\u00f3n Insecticida Reveex est\u00e1 indicado para la higiene peri\u00f3dica de perros con infestaciones ectoparasitarias por \u00e1caros de la sarna, piojos, garrapatas y pulgas.<\/p>\n<p><strong> Administraci\u00f3n:<\/strong><\/p>\n<p align=\"justify\">Mojar bien y completamente el pelo y la piel del perro con agua tibia y limpia. Frotar directamente con la pastilla de jab\u00f3n en forma circular hasta obtener espuma, reparti\u00e9ndola uniformemente por todo el animal. Evitar el contacto con los ojos y mucosas del perro. Dejar actuar durante 10 minutos, aclarar con abundante agua y secar bien. En casos de infestaciones masivas, repetir la aplicaci\u00f3n a los 7 y 15 d\u00edas, o a criterio del m\u00e9dico veterinario.<\/p>\n<p>&nbsp;<\/p>\n","protected":false},"featured_media":464,"comment_status":"closed","ping_status":"closed","template":"","meta":{"_exactmetrics_skip_tracking":false,"_exactmetrics_sitenote_active":false,"_exactmetrics_sitenote_note":"","_exactmetrics_sitenote_category":0,"_uf_show_specific_survey":0,"_uf_disable_surveys":false},"product_brand":[],"product_cat":[44],"product_tag":[45],"class_list":{"0":"post-424","1":"product","2":"type-product","3":"status-publish","4":"has-post-thumbnail","6":"product_cat-pets","7":"product_tag-pets","9":"first","10":"instock","11":"shipping-taxable","12":"product-type-simple"},"aioseo_notices":[],"_links":{"self":[{"href":"https:\/\/reveex.com\/laboratorios\/wp-json\/wp\/v2\/product\/424","targetHints":{"allow":["GET"]}}],"collection":[{"href":"https:\/\/reveex.com\/laboratorios\/wp-json\/wp\/v2\/product"}],"about":[{"href":"https:\/\/reveex.com\/laboratorios\/wp-json\/wp\/v2\/types\/product"}],"replies":[{"embeddable":true,"href":"https:\/\/reveex.com\/laboratorios\/wp-json\/wp\/v2\/comments?post=424"}],"wp:featuredmedia":[{"embeddable":true,"href":"https:\/\/reveex.com\/laboratorios\/wp-json\/wp\/v2\/media\/464"}],"wp:attachment":[{"href":"https:\/\/reveex.com\/laboratorios\/wp-json\/wp\/v2\/media?parent=424"}],"wp:term":[{"taxonomy":"product_brand","embeddable":true,"href":"https:\/\/reveex.com\/laboratorios\/wp-json\/wp\/v2\/product_brand?post=424"},{"taxonomy":"product_cat","embeddable":true,"href":"https:\/\/reveex.com\/laboratorios\/wp-json\/wp\/v2\/product_cat?post=424"},{"taxonomy":"product_tag","embeddable":true,"href":"https:\/\/reveex.com\/laboratorios\/wp-json\/wp\/v2\/product_tag?post=424"}],"curies":[{"name":"wp","href":"https:\/\/api.w.org\/{rel}","templated":true}]}}