{"id":423,"date":"2022-05-14T16:04:11","date_gmt":"2022-05-14T16:04:11","guid":{"rendered":"https:\/\/reveex.com\/laboratorios\/?post_type=product&#038;p=423"},"modified":"2022-05-14T16:04:43","modified_gmt":"2022-05-14T16:04:43","slug":"praziver-plus","status":"publish","type":"product","link":"https:\/\/reveex.com\/laboratorios\/producto\/praziver-plus\/","title":{"rendered":"Praziver Plus"},"content":{"rendered":"<p>Estuche con 4 tabletas.<\/p>\n<p><strong>Composici\u00f3n:<\/strong><\/p>\n<p>Cada tableta contiene:<\/p>\n<p>Ivermectina 2 mg<\/p>\n<p>Praziquantel 50 mg<\/p>\n<p><strong>Posolog\u00eda:<\/strong><\/p>\n<p>Cachorros, perros peque\u00f1os y gatos: 0,5 &#8211; 2 kg p.v: \u00bc tableta 2 &#8211; 5 Kg p.v: \u00bd tableta 5 &#8211; 10 Kg p.v: 1 tableta Perros medianos: 10,5 &#8211; 20 Kg p.v: 2 tabletas 20,5 &#8211; 30 Kg p.v: 3 tabletas Perros grandes: 30,5 &#8211; 40 Kg p.v: 4 tabletas<\/p>\n<p><b>C\u00f3digo<\/b><strong>:<\/strong><\/p>\n","protected":false},"excerpt":{"rendered":"<p><strong> Indicaciones:<\/strong><\/p>\n<p align=\"justify\">Perros y Gatos: Nematodosis, Cestodosis, Sarna, Parasitosis externas y Dirofilariosis. Tratamiento y control de Nematodosis por Asc\u00e1ridos (Toxocara canis, Toxascaris leonina, Toxocara cati), Ancilostomas (Uncinaria stenocephala, Ancylostoma caninum, A. tubaeforme); y Teniosis por Echinococcus granulosus, E. multilocularis, Dipylidium caninum, Taenia spp., Multiceps multiceps, Mesocestoides spp., Hydatigera taeniaeformis. Tratamiento y control de la sarna de las orejas (Otodectes cynotis, Notoedres cati), sarna demod\u00e9ctica (Demodeces cani, D. cati) e infestaciones por piojos. Prevenci\u00f3n de la Dirofilariosis cardiopulmonar canina (enfermedad del gusano del coraz\u00f3n), eliminando el estadio larvario tisular de Dirofilaria immitis. Dado que una infestaci\u00f3n por cestodos no puede producirse en el gato como muy pronto hasta la tercera semana de vida, el tratamiento con Praziver Plus no est\u00e1 indicado hasta pasada la tercera semana de vida del animal.<\/p>\n<p><strong> Administraci\u00f3n:<\/strong><\/p>\n<p align=\"justify\">Administrar por v\u00eda oral, en dosis \u00fanica. Las tabletas se administrar\u00e1n directamente o, bien mezcladas o desmenuzadas con una peque\u00f1a cantidad de alimento. No es necesaria una dieta espec\u00edfica.<\/p>\n<p>&nbsp;<\/p>\n","protected":false},"featured_media":463,"comment_status":"closed","ping_status":"closed","template":"","meta":{"_exactmetrics_skip_tracking":false,"_exactmetrics_sitenote_active":false,"_exactmetrics_sitenote_note":"","_exactmetrics_sitenote_category":0,"_uf_show_specific_survey":0,"_uf_disable_surveys":false},"product_brand":[],"product_cat":[44],"product_tag":[45],"class_list":{"0":"post-423","1":"product","2":"type-product","3":"status-publish","4":"has-post-thumbnail","6":"product_cat-pets","7":"product_tag-pets","9":"first","10":"instock","11":"shipping-taxable","12":"product-type-simple"},"aioseo_notices":[],"_links":{"self":[{"href":"https:\/\/reveex.com\/laboratorios\/wp-json\/wp\/v2\/product\/423","targetHints":{"allow":["GET"]}}],"collection":[{"href":"https:\/\/reveex.com\/laboratorios\/wp-json\/wp\/v2\/product"}],"about":[{"href":"https:\/\/reveex.com\/laboratorios\/wp-json\/wp\/v2\/types\/product"}],"replies":[{"embeddable":true,"href":"https:\/\/reveex.com\/laboratorios\/wp-json\/wp\/v2\/comments?post=423"}],"wp:featuredmedia":[{"embeddable":true,"href":"https:\/\/reveex.com\/laboratorios\/wp-json\/wp\/v2\/media\/463"}],"wp:attachment":[{"href":"https:\/\/reveex.com\/laboratorios\/wp-json\/wp\/v2\/media?parent=423"}],"wp:term":[{"taxonomy":"product_brand","embeddable":true,"href":"https:\/\/reveex.com\/laboratorios\/wp-json\/wp\/v2\/product_brand?post=423"},{"taxonomy":"product_cat","embeddable":true,"href":"https:\/\/reveex.com\/laboratorios\/wp-json\/wp\/v2\/product_cat?post=423"},{"taxonomy":"product_tag","embeddable":true,"href":"https:\/\/reveex.com\/laboratorios\/wp-json\/wp\/v2\/product_tag?post=423"}],"curies":[{"name":"wp","href":"https:\/\/api.w.org\/{rel}","templated":true}]}}