{"id":420,"date":"2022-05-14T16:04:10","date_gmt":"2022-05-14T16:04:10","guid":{"rendered":"https:\/\/reveex.com\/laboratorios\/?post_type=product&#038;p=420"},"modified":"2022-05-14T16:04:39","modified_gmt":"2022-05-14T16:04:39","slug":"sedanxil","status":"publish","type":"product","link":"https:\/\/reveex.com\/laboratorios\/producto\/sedanxil\/","title":{"rendered":"Sedanxil"},"content":{"rendered":"<p>Soluci\u00f3n Inyectable<\/p>\n<p>Frasco con 10 ml.<\/p>\n<p><strong>Composici\u00f3n:<\/strong><\/p>\n<p>Xilacina (clorhidrato) 20 mg<\/p>\n<p>Excipiente c.s.p. 1 ml<\/p>\n<p><strong>Posolog\u00eda:<\/strong><\/p>\n<p>Perros: Administrar por v\u00eda intramuscular 1 a 3 mg de Xilacina\/kg p.v (0,05 a 0,15 ml de Sedanxil\/kg p.v).<\/p>\n<p>Gatos: Administrar por v\u00eda intramuscular 3 mg de Xilacina\/kg p.v (0,15 ml de Sedanxil\/kg p.v).<\/p>\n<p><b>C\u00f3digo<\/b><strong>:<\/strong><\/p>\n","protected":false},"excerpt":{"rendered":"<p><strong> Indicaciones:<\/strong><\/p>\n<p align=\"justify\">Sedante con acci\u00f3n analg\u00e9sica y relajante muscular. Est\u00e1 indicado para producir un estado de sedaci\u00f3n acompa\u00f1ado de un corto periodo de analgesia. Perros: manejo, procedimientos de diagn\u00f3stico, curas, limaci\u00f3n dentales, tratamiento de otitis, tratamiento de llagas. En intervenciones dolorosas se puede utilizar como: a) Preanest\u00e9sico para obtener una anestesia local asociado con un anest\u00e9sico local para la cirug\u00eda de heridas, ablaci\u00f3n de tumores. En intervenciones quir\u00fargicas largas se puede utilizar como: a) Preanest\u00e9sico para obtener una anestesia general asociado con depresores del SNC como el Tiopental, Tiamylal, Oxido nitroso, Eter, Halotano y Metoxifluorano. En este caso, solo es necesario administrar un 1\/3 &#8211; \u00bd de la dosis normal de estos depresores del SNC despu\u00e9s del efecto realizado por la Xilacina.<\/p>\n<p align=\"justify\">Gatos: manejo, procedimientos de diagn\u00f3stico, curas, limaci\u00f3n dentales, tratamiento de llagas. En intervenciones dolorosas se puede utilizar como: a) Preanest\u00e9sico para obtener una anestesia local asociado con un anest\u00e9sico local o troncular para la castraci\u00f3n de machos, sutura de heridas, tratamientos oculares. En intervenciones quir\u00fargicas largas se puede utilizar como: a) Preanest\u00e9sico para obtener una anestesia general asociado con depresores del SNC como el Tiopental, Tiamylal, Oxido nitroso, Eter, Halotano y Metoxifluorano. En este caso, solo es necesario administrar un 1\/3 &#8211; \u00bd de la dosis normal de estos depresores del SNC despu\u00e9s del efecto realizado por la Xilacina.<\/p>\n<p><strong> Administraci\u00f3n:<\/strong><\/p>\n<p align=\"justify\">A estas dosis, generalmente se obtiene una buena sedaci\u00f3n al poco tiempo, aunque algunos animales nerviosos pueden necesitar dosis m\u00e1s altas. El efecto es adecuado en intervenciones en las que no existe dolor. Para intervenciones dolorosas, la Xilacina puede utilizarse asociada con un anest\u00e9sico local. La premedicaci\u00f3n con Atropina es muy aconsejable.<\/p>\n<p>&nbsp;<\/p>\n","protected":false},"featured_media":460,"comment_status":"closed","ping_status":"closed","template":"","meta":{"_exactmetrics_skip_tracking":false,"_exactmetrics_sitenote_active":false,"_exactmetrics_sitenote_note":"","_exactmetrics_sitenote_category":0,"_uf_show_specific_survey":0,"_uf_disable_surveys":false},"product_brand":[],"product_cat":[44],"product_tag":[45],"class_list":{"0":"post-420","1":"product","2":"type-product","3":"status-publish","4":"has-post-thumbnail","6":"product_cat-pets","7":"product_tag-pets","9":"first","10":"instock","11":"shipping-taxable","12":"product-type-simple"},"aioseo_notices":[],"_links":{"self":[{"href":"https:\/\/reveex.com\/laboratorios\/wp-json\/wp\/v2\/product\/420","targetHints":{"allow":["GET"]}}],"collection":[{"href":"https:\/\/reveex.com\/laboratorios\/wp-json\/wp\/v2\/product"}],"about":[{"href":"https:\/\/reveex.com\/laboratorios\/wp-json\/wp\/v2\/types\/product"}],"replies":[{"embeddable":true,"href":"https:\/\/reveex.com\/laboratorios\/wp-json\/wp\/v2\/comments?post=420"}],"wp:featuredmedia":[{"embeddable":true,"href":"https:\/\/reveex.com\/laboratorios\/wp-json\/wp\/v2\/media\/460"}],"wp:attachment":[{"href":"https:\/\/reveex.com\/laboratorios\/wp-json\/wp\/v2\/media?parent=420"}],"wp:term":[{"taxonomy":"product_brand","embeddable":true,"href":"https:\/\/reveex.com\/laboratorios\/wp-json\/wp\/v2\/product_brand?post=420"},{"taxonomy":"product_cat","embeddable":true,"href":"https:\/\/reveex.com\/laboratorios\/wp-json\/wp\/v2\/product_cat?post=420"},{"taxonomy":"product_tag","embeddable":true,"href":"https:\/\/reveex.com\/laboratorios\/wp-json\/wp\/v2\/product_tag?post=420"}],"curies":[{"name":"wp","href":"https:\/\/api.w.org\/{rel}","templated":true}]}}