{"id":419,"date":"2022-05-14T16:04:10","date_gmt":"2022-05-14T16:04:10","guid":{"rendered":"https:\/\/reveex.com\/laboratorios\/?post_type=product&#038;p=419"},"modified":"2022-05-14T16:04:38","modified_gmt":"2022-05-14T16:04:38","slug":"sarniveex-50ml","status":"publish","type":"product","link":"https:\/\/reveex.com\/laboratorios\/producto\/sarniveex-50ml\/","title":{"rendered":"Sarniveex  50ml"},"content":{"rendered":"<p>Envase con 50 ml.<\/p>\n<p><strong>Composici\u00f3n:<\/strong><\/p>\n<p>Amitraz 12,5 g<\/p>\n<p>Excipiente y emulsionantes c.s.p. 100 ml<\/p>\n<p><strong>Posolog\u00eda:<\/strong><\/p>\n<p>Tratamiento y control de la sarna demod\u00e9ctica: Diluir 10 ml de Sarniveex 12,5% en 2,5 litros de agua (\u00f3 40 ml en 10 litros de agua para perros grandes). Repetir el tratamiento a intervalos de 10 d\u00edas hasta que no se puedan detectar microsc\u00f3picamente \u00e1caros vivos ni huevos viables en los raspados de la piel. Si esto no es posible, continuar el tratamiento por 3 a 4 veces despu\u00e9s de haber desparecido todo tipo de s\u00edntoma cl\u00ednico.<\/p>\n<p>Tratamiento y control de infestaciones por garrapatas: Diluir 10 ml de Sarniveex 12,5% en 2,5 litros de agua (\u00f3 40 ml en 10 litros de agua para perros grandes). Repetir el tratamiento a intervalos de 10 d\u00edas por 3 a 4 veces. Tratamiento y control de la sarna sarc\u00f3ptica: Diluir 10 ml de Sarniveex 12,5% en 5 litros de agua (\u00f3 20 ml en 10 litros de agua para perros grandes). Repetir el tratamiento a los 7 d\u00edas.<\/p>\n<p>Cualquiera que sea el volumen de ba\u00f1o que se necesite, es fundamental no variar la concentraci\u00f3n inicial de 0,4 partes de Sarniveex 12,5% en 100 partes de agua. Si es necesario, ba\u00f1ar el perro con champ\u00fa o jab\u00f3n, aclarar con abundante agua y secarlo bien para eliminar la grasa y la suciedad antes de aplicar el tratamiento. A los animales de pelo largo, se les puede cortar el pelo antes del tratamiento si es preciso.<\/p>\n<p>Para preparar el ba\u00f1o, diluir en el volumen de agua tibia y limpia que se precise la cantidad correspondiente de Sarniveex 12,5% de acuerdo con el tratamiento a aplicar y agitar bien para obtener una emulsi\u00f3n homog\u00e9nea.<\/p>\n<p><b>C\u00f3digo<\/b><strong>:<\/strong><\/p>\n","protected":false},"excerpt":{"rendered":"<p><strong> Indicaciones:<\/strong><\/p>\n<p align=\"justify\">Perros: Tratamiento y control de la sarna demod\u00e9ctica y la sarna sarc\u00f3ptica. Tratamiento y control de infestaciones por garrapatas.<\/p>\n<p><strong> Administraci\u00f3n:<\/strong><\/p>\n<p align=\"justify\">Preparar solamente el volumen de ba\u00f1o antiparasitario que se necesite para cada tratamiento individual. El ba\u00f1o preparado, una vez aplicado, puede emplearse para lavar la perrera.<\/p>\n<p align=\"justify\">Se deber\u00e1 preparar suficiente volumen de ba\u00f1o para poder sumergir totalmente las patas del perro y empapar completamente el animal. Normalmente se necesitan como m\u00ednimo de 2,5 a 5 litros de ba\u00f1o, y para perros grandes se necesitan hasta 10 litros.<\/p>\n<p align=\"justify\">Poner el perro de pie en el recipiente donde se ha preparado el ba\u00f1o y mojarlo bien y completamente, masajeando suavemente y usando un cepillo suave o una esponja para que penetre en la piel y el pelo. Evitar el contacto con los ojos del perro.<\/p>\n<p align=\"justify\">Sacarlo del recipiente y dejar que se seque en un lugar caliente sin corrientes de aire. No acariciar el perro hasta que el pelo se haya secado.<\/p>\n<p>&nbsp;<\/p>\n","protected":false},"featured_media":459,"comment_status":"closed","ping_status":"closed","template":"","meta":{"_exactmetrics_skip_tracking":false,"_exactmetrics_sitenote_active":false,"_exactmetrics_sitenote_note":"","_exactmetrics_sitenote_category":0,"_uf_show_specific_survey":0,"_uf_disable_surveys":false},"product_brand":[],"product_cat":[44],"product_tag":[45],"class_list":{"0":"post-419","1":"product","2":"type-product","3":"status-publish","4":"has-post-thumbnail","6":"product_cat-pets","7":"product_tag-pets","9":"first","10":"instock","11":"shipping-taxable","12":"product-type-simple"},"aioseo_notices":[],"_links":{"self":[{"href":"https:\/\/reveex.com\/laboratorios\/wp-json\/wp\/v2\/product\/419","targetHints":{"allow":["GET"]}}],"collection":[{"href":"https:\/\/reveex.com\/laboratorios\/wp-json\/wp\/v2\/product"}],"about":[{"href":"https:\/\/reveex.com\/laboratorios\/wp-json\/wp\/v2\/types\/product"}],"replies":[{"embeddable":true,"href":"https:\/\/reveex.com\/laboratorios\/wp-json\/wp\/v2\/comments?post=419"}],"wp:featuredmedia":[{"embeddable":true,"href":"https:\/\/reveex.com\/laboratorios\/wp-json\/wp\/v2\/media\/459"}],"wp:attachment":[{"href":"https:\/\/reveex.com\/laboratorios\/wp-json\/wp\/v2\/media?parent=419"}],"wp:term":[{"taxonomy":"product_brand","embeddable":true,"href":"https:\/\/reveex.com\/laboratorios\/wp-json\/wp\/v2\/product_brand?post=419"},{"taxonomy":"product_cat","embeddable":true,"href":"https:\/\/reveex.com\/laboratorios\/wp-json\/wp\/v2\/product_cat?post=419"},{"taxonomy":"product_tag","embeddable":true,"href":"https:\/\/reveex.com\/laboratorios\/wp-json\/wp\/v2\/product_tag?post=419"}],"curies":[{"name":"wp","href":"https:\/\/api.w.org\/{rel}","templated":true}]}}