{"id":416,"date":"2022-05-14T16:04:10","date_gmt":"2022-05-14T16:04:10","guid":{"rendered":"https:\/\/reveex.com\/laboratorios\/?post_type=product&#038;p=416"},"modified":"2022-05-14T16:04:31","modified_gmt":"2022-05-14T16:04:31","slug":"osmolar-oral","status":"publish","type":"product","link":"https:\/\/reveex.com\/laboratorios\/producto\/osmolar-oral\/","title":{"rendered":"Osmolar Oral"},"content":{"rendered":"<p>V\u00eda Oral<\/p>\n<p>Sobre con 20 g. Caja dispensadora con 25 sobres.<\/p>\n<p>&nbsp;<\/p>\n<p><strong>Composici\u00f3n:<\/strong><\/p>\n<p>Composici\u00f3n por 100 g:<\/p>\n<p>Glucosa anhidra 80 g<\/p>\n<p>Cloruro 198 mEq<\/p>\n<p>Sodio 170 mEq<\/p>\n<p>Potasio 10 mEq<\/p>\n<p>Calcio 19 mEq<\/p>\n<p>Acido L\u00e1ctico 20 mEq<\/p>\n<p>Inositol 2 g<\/p>\n<p>L-Arginina aspartato 2 g<\/p>\n<p>L-Lisina clorhidrato 1 g<\/p>\n<p>&nbsp;<\/p>\n<p><strong>Posolog\u00eda:<\/strong><\/p>\n<p>Perros y Gatos: Disolver el contenido de un sobre (20 g) por litro de agua de bebida y d\u00eda,durante 7 d\u00edas. Aves de cr\u00eda y de adorno: Disolver 1 a 2 g por litro de agua de bebida y d\u00eda, durante 7 d\u00edas. Estas posolog\u00edas pueden variar a criterio del m\u00e9dico veterinario.<\/p>\n<p><b>C\u00f3digo<\/b><strong>:<\/strong><\/p>\n","protected":false},"excerpt":{"rendered":"<p><strong> Indicaciones:<\/strong><\/p>\n<p align=\"justify\">Perros, Gatos, Aves de cr\u00eda y Aves de adorno: Deshidrataci\u00f3n por diarreas de origen bacteriano, viral, parasitario, t\u00f3xico o nutricional. Deshidrataci\u00f3n por hipertermia. Deshidrataci\u00f3n por v\u00f3mitos. Deshidrataci\u00f3n por exceso de calor. Stress (transporte, calor, vacunaci\u00f3n, cambio de alojamiento, destete, aglomeraci\u00f3n). Estados de shock. Diuresis. Acidosis metab\u00f3lica respiratoria.<\/p>\n<p><strong> Administraci\u00f3n:<\/strong><\/p>\n<p align=\"justify\">Administrar por v\u00eda oral, en agua de bebida.<\/p>\n<p>&nbsp;<\/p>\n","protected":false},"featured_media":443,"comment_status":"closed","ping_status":"closed","template":"","meta":{"_exactmetrics_skip_tracking":false,"_exactmetrics_sitenote_active":false,"_exactmetrics_sitenote_note":"","_exactmetrics_sitenote_category":0,"_uf_show_specific_survey":0,"_uf_disable_surveys":false},"product_brand":[],"product_cat":[44],"product_tag":[45],"class_list":{"0":"post-416","1":"product","2":"type-product","3":"status-publish","4":"has-post-thumbnail","6":"product_cat-pets","7":"product_tag-pets","9":"first","10":"instock","11":"shipping-taxable","12":"product-type-simple"},"aioseo_notices":[],"_links":{"self":[{"href":"https:\/\/reveex.com\/laboratorios\/wp-json\/wp\/v2\/product\/416","targetHints":{"allow":["GET"]}}],"collection":[{"href":"https:\/\/reveex.com\/laboratorios\/wp-json\/wp\/v2\/product"}],"about":[{"href":"https:\/\/reveex.com\/laboratorios\/wp-json\/wp\/v2\/types\/product"}],"replies":[{"embeddable":true,"href":"https:\/\/reveex.com\/laboratorios\/wp-json\/wp\/v2\/comments?post=416"}],"wp:featuredmedia":[{"embeddable":true,"href":"https:\/\/reveex.com\/laboratorios\/wp-json\/wp\/v2\/media\/443"}],"wp:attachment":[{"href":"https:\/\/reveex.com\/laboratorios\/wp-json\/wp\/v2\/media?parent=416"}],"wp:term":[{"taxonomy":"product_brand","embeddable":true,"href":"https:\/\/reveex.com\/laboratorios\/wp-json\/wp\/v2\/product_brand?post=416"},{"taxonomy":"product_cat","embeddable":true,"href":"https:\/\/reveex.com\/laboratorios\/wp-json\/wp\/v2\/product_cat?post=416"},{"taxonomy":"product_tag","embeddable":true,"href":"https:\/\/reveex.com\/laboratorios\/wp-json\/wp\/v2\/product_tag?post=416"}],"curies":[{"name":"wp","href":"https:\/\/api.w.org\/{rel}","templated":true}]}}