{"id":401,"date":"2022-05-14T16:03:49","date_gmt":"2022-05-14T16:03:49","guid":{"rendered":"https:\/\/reveex.com\/laboratorios\/?post_type=product&#038;p=401"},"modified":"2022-05-14T16:04:29","modified_gmt":"2022-05-14T16:04:29","slug":"doxiveex-para-perros","status":"publish","type":"product","link":"https:\/\/reveex.com\/laboratorios\/producto\/doxiveex-para-perros\/","title":{"rendered":"Doxiveex para Perros"},"content":{"rendered":"<p>Capsula Oral<\/p>\n<p><strong>Composici\u00f3n:<\/strong><\/p>\n<p>Doxiciclina (hiclato) 100 mg<\/p>\n<p>Excipiente c.s.p. 500 mg<\/p>\n<p><strong>Posolog\u00eda:<\/strong><\/p>\n<p>Ehrlichiosis canina: 1 c\u00e1psula\/10 kg p.v(10 mg de Doxiciclina\/kg p.v), cada 12 horas, durante 15 a 21 d\u00edas seguidos.<\/p>\n<p>Otros tratamientos: 1 c\u00e1psula\/10 kg p.v (10 mg de Doxiciclina\/kg p.v), al d\u00eda, durante 3 a 5 d\u00edas, en casos agudos; y durante 8 a 10 d\u00edas, en casos cr\u00f3nicos.<\/p>\n<p><b>C\u00f3digo<\/b><strong>:<\/strong><br \/>\nPT0139<\/p>\n","protected":false},"excerpt":{"rendered":"<p><strong> Indicaciones:<\/strong><\/p>\n<p align=\"justify\">Perros medianos y grandes: Tratamiento curativo de la Ehrlichiosis canina causada por Ehrlichia canis y\/o Ehrlichia platys.<\/p>\n<p align=\"justify\">Tratamiento curativo de infecciones respiratorias, amigdalitis, neumon\u00eda, dermatitis, abscesos, infecciones genitourinarias, metritis.<\/p>\n<p><strong> Administraci\u00f3n:<\/strong><\/p>\n<p align=\"justify\">Administrar por v\u00eda oral. Se recomienda administrar las c\u00e1psulas junto con las comidas.<\/p>\n<p>&nbsp;<\/p>\n","protected":false},"featured_media":442,"comment_status":"closed","ping_status":"closed","template":"","meta":{"_exactmetrics_skip_tracking":false,"_exactmetrics_sitenote_active":false,"_exactmetrics_sitenote_note":"","_exactmetrics_sitenote_category":0,"_uf_show_specific_survey":0,"_uf_disable_surveys":false},"product_brand":[],"product_cat":[44],"product_tag":[45],"class_list":{"0":"post-401","1":"product","2":"type-product","3":"status-publish","4":"has-post-thumbnail","6":"product_cat-pets","7":"product_tag-pets","9":"first","10":"instock","11":"shipping-taxable","12":"product-type-simple"},"aioseo_notices":[],"_links":{"self":[{"href":"https:\/\/reveex.com\/laboratorios\/wp-json\/wp\/v2\/product\/401","targetHints":{"allow":["GET"]}}],"collection":[{"href":"https:\/\/reveex.com\/laboratorios\/wp-json\/wp\/v2\/product"}],"about":[{"href":"https:\/\/reveex.com\/laboratorios\/wp-json\/wp\/v2\/types\/product"}],"replies":[{"embeddable":true,"href":"https:\/\/reveex.com\/laboratorios\/wp-json\/wp\/v2\/comments?post=401"}],"wp:featuredmedia":[{"embeddable":true,"href":"https:\/\/reveex.com\/laboratorios\/wp-json\/wp\/v2\/media\/442"}],"wp:attachment":[{"href":"https:\/\/reveex.com\/laboratorios\/wp-json\/wp\/v2\/media?parent=401"}],"wp:term":[{"taxonomy":"product_brand","embeddable":true,"href":"https:\/\/reveex.com\/laboratorios\/wp-json\/wp\/v2\/product_brand?post=401"},{"taxonomy":"product_cat","embeddable":true,"href":"https:\/\/reveex.com\/laboratorios\/wp-json\/wp\/v2\/product_cat?post=401"},{"taxonomy":"product_tag","embeddable":true,"href":"https:\/\/reveex.com\/laboratorios\/wp-json\/wp\/v2\/product_tag?post=401"}],"curies":[{"name":"wp","href":"https:\/\/api.w.org\/{rel}","templated":true}]}}