{"id":396,"date":"2022-05-14T16:03:48","date_gmt":"2022-05-14T16:03:48","guid":{"rendered":"https:\/\/reveex.com\/laboratorios\/?post_type=product&#038;p=396"},"modified":"2022-05-14T16:04:24","modified_gmt":"2022-05-14T16:04:24","slug":"quinocoli-100cm3","status":"publish","type":"product","link":"https:\/\/reveex.com\/laboratorios\/producto\/quinocoli-100cm3\/","title":{"rendered":"Quinocoli 100cm3"},"content":{"rendered":"<p>Soluci\u00f3n Inyectable.<\/p>\n<p>Frascos con 100 y 250 ml.<\/p>\n<p><strong>Composici\u00f3n: <\/strong><\/p>\n<p>Enrofloxacina 5 g<\/p>\n<p>Excipiente c.s.p. 100 ml<\/p>\n<p><strong>Posolog\u00eda:<\/strong><\/p>\n<p>Porcinos: Administrar por v\u00eda intramuscular en la musculatura del cuello, 0,5 ml\/10 kg p.v\/d\u00eda (2,5 mg de Enrofloxacina\/kg p.v\/d\u00eda),durante 3 d\u00edas. En el s\u00edndrome M. M. A. de las cerdas tratar durante 1 \u00f3 2 d\u00edas.<\/p>\n<p>Bovinos y Ovinos: Administrar por v\u00eda subcut\u00e1nea, 0,5 ml\/10 kg p.v\/d\u00eda (2,5 mg de Enrofloxacina\/kg p.v\/d\u00eda),durante 5 d\u00edas.<\/p>\n<p>En las tres especies, se recomienda doblar la dosis en infecciones respiratorias severas y salmonelosis.<\/p>\n<p>&nbsp;<\/p>\n<p><b>C\u00f3digo<\/b><strong>:<\/strong><br \/>\nPT0378<\/p>\n","protected":false},"excerpt":{"rendered":"<p><strong> Indicaciones:<\/strong><\/p>\n<p align=\"justify\">Porcinos: Diarrea colibacilar (Colidisenter\u00eda), Colienterotoxemia (Enfermedad de los edemas), Salmonelosis, S\u00edndrome M. M. A (mastitis-metritis-agalaxia), Pleuroneumon\u00eda y complicaciones bacterianas de enfermedades virales.<\/p>\n<p align=\"justify\">Bovinos y Ovinos: Infecciones respiratorias, Pasteurelosis, Colibacilosis, Colisepticemia, Salmonelosis e infecciones bacterianas secundarias a enfermedades virales.<\/p>\n<p><strong> Administraci\u00f3n:<\/strong><\/p>\n<p align=\"justify\">V\u00eda intramuscular o subcut\u00e1nea.<\/p>\n<p>&nbsp;<\/p>\n","protected":false},"featured_media":438,"comment_status":"closed","ping_status":"closed","template":"","meta":{"_exactmetrics_skip_tracking":false,"_exactmetrics_sitenote_active":false,"_exactmetrics_sitenote_note":"","_exactmetrics_sitenote_category":0,"_uf_show_specific_survey":0,"_uf_disable_surveys":false},"product_brand":[],"product_cat":[42],"product_tag":[43],"class_list":{"0":"post-396","1":"product","2":"type-product","3":"status-publish","4":"has-post-thumbnail","6":"product_cat-ganaderia-y-avicultura","7":"product_tag-ganaderia-y-avicultura","9":"first","10":"instock","11":"shipping-taxable","12":"product-type-simple"},"aioseo_notices":[],"_links":{"self":[{"href":"https:\/\/reveex.com\/laboratorios\/wp-json\/wp\/v2\/product\/396","targetHints":{"allow":["GET"]}}],"collection":[{"href":"https:\/\/reveex.com\/laboratorios\/wp-json\/wp\/v2\/product"}],"about":[{"href":"https:\/\/reveex.com\/laboratorios\/wp-json\/wp\/v2\/types\/product"}],"replies":[{"embeddable":true,"href":"https:\/\/reveex.com\/laboratorios\/wp-json\/wp\/v2\/comments?post=396"}],"wp:featuredmedia":[{"embeddable":true,"href":"https:\/\/reveex.com\/laboratorios\/wp-json\/wp\/v2\/media\/438"}],"wp:attachment":[{"href":"https:\/\/reveex.com\/laboratorios\/wp-json\/wp\/v2\/media?parent=396"}],"wp:term":[{"taxonomy":"product_brand","embeddable":true,"href":"https:\/\/reveex.com\/laboratorios\/wp-json\/wp\/v2\/product_brand?post=396"},{"taxonomy":"product_cat","embeddable":true,"href":"https:\/\/reveex.com\/laboratorios\/wp-json\/wp\/v2\/product_cat?post=396"},{"taxonomy":"product_tag","embeddable":true,"href":"https:\/\/reveex.com\/laboratorios\/wp-json\/wp\/v2\/product_tag?post=396"}],"curies":[{"name":"wp","href":"https:\/\/api.w.org\/{rel}","templated":true}]}}