{"id":386,"date":"2022-05-14T16:03:47","date_gmt":"2022-05-14T16:03:47","guid":{"rendered":"https:\/\/reveex.com\/laboratorios\/?post_type=product&#038;p=386"},"modified":"2022-05-14T16:04:09","modified_gmt":"2022-05-14T16:04:09","slug":"r-complex-b-20cm3","status":"publish","type":"product","link":"https:\/\/reveex.com\/laboratorios\/producto\/r-complex-b-20cm3\/","title":{"rendered":"R Complex B 20cm3"},"content":{"rendered":"<p>Soluci\u00f3n Inyectable<\/p>\n<p>Frascos con 20ml.<\/p>\n<p><strong>Composici\u00f3n: <\/strong><\/p>\n<p>Vitamina B1clorhidrato 10 g<\/p>\n<p>Vitamina B2 fosfato s\u00f3dico 0,5 g<\/p>\n<p>Vitamina B6 clorhidrato 5 g<\/p>\n<p>Vitamina B12 10 mg<\/p>\n<p>Nicotinamida 15 g<\/p>\n<p>D &#8211; Pantenol 0,5 g<\/p>\n<p>Excipiente c.s.p. 100 ml<\/p>\n<p><strong>Posolog\u00eda:<\/strong><\/p>\n<p>Bovinos y Equinos: 1 ml\/100 kg p.v\/d\u00eda.<\/p>\n<p>Porcinos, Ovinos y Caprinos: 0,5 ml\/50 kg p.v\/d\u00eda.<\/p>\n<p>Perros: 0,5 a 2 ml\/perro\/d\u00eda.<\/p>\n<p>Administrar durante 2 a 3 d\u00edas, si es necesario.<\/p>\n<p><b>C\u00f3digo<\/b><strong>:<\/strong><br \/>\nPT0394<\/p>\n","protected":false},"excerpt":{"rendered":"<p><strong> Indicaciones:<\/strong><\/p>\n<p align=\"justify\">Bovinos, Porcinos, Equinos, Ovinos, Caprinos y Perros: Avitaminosis del grupo B, Convalecencia, Stress, Anemia, Anorexia, Intoxicaciones, Trastornos nerviosos, Aton\u00edas intestinales, Trastornos metab\u00f3licos, Alteraciones hep\u00e1ticas, Despu\u00e9s de tratamientos prolongados con antibi\u00f3ticos o quimioter\u00e1picos.<\/p>\n<p align=\"justify\">Favorecedor del crecimiento y la lactaci\u00f3n.<\/p>\n<p align=\"justify\">Para mejorar los \u00edndices de producci\u00f3n.<\/p>\n<p><strong> Administraci\u00f3n:<\/strong><\/p>\n<p align=\"justify\">Administrar por v\u00eda intramuscular o intravenosa lenta.<\/p>\n<p>&nbsp;<\/p>\n","protected":false},"featured_media":414,"comment_status":"closed","ping_status":"closed","template":"","meta":{"_exactmetrics_skip_tracking":false,"_exactmetrics_sitenote_active":false,"_exactmetrics_sitenote_note":"","_exactmetrics_sitenote_category":0,"_uf_show_specific_survey":0,"_uf_disable_surveys":false},"product_brand":[],"product_cat":[42],"product_tag":[43],"class_list":{"0":"post-386","1":"product","2":"type-product","3":"status-publish","4":"has-post-thumbnail","6":"product_cat-ganaderia-y-avicultura","7":"product_tag-ganaderia-y-avicultura","9":"first","10":"instock","11":"shipping-taxable","12":"product-type-simple"},"aioseo_notices":[],"_links":{"self":[{"href":"https:\/\/reveex.com\/laboratorios\/wp-json\/wp\/v2\/product\/386","targetHints":{"allow":["GET"]}}],"collection":[{"href":"https:\/\/reveex.com\/laboratorios\/wp-json\/wp\/v2\/product"}],"about":[{"href":"https:\/\/reveex.com\/laboratorios\/wp-json\/wp\/v2\/types\/product"}],"replies":[{"embeddable":true,"href":"https:\/\/reveex.com\/laboratorios\/wp-json\/wp\/v2\/comments?post=386"}],"wp:featuredmedia":[{"embeddable":true,"href":"https:\/\/reveex.com\/laboratorios\/wp-json\/wp\/v2\/media\/414"}],"wp:attachment":[{"href":"https:\/\/reveex.com\/laboratorios\/wp-json\/wp\/v2\/media?parent=386"}],"wp:term":[{"taxonomy":"product_brand","embeddable":true,"href":"https:\/\/reveex.com\/laboratorios\/wp-json\/wp\/v2\/product_brand?post=386"},{"taxonomy":"product_cat","embeddable":true,"href":"https:\/\/reveex.com\/laboratorios\/wp-json\/wp\/v2\/product_cat?post=386"},{"taxonomy":"product_tag","embeddable":true,"href":"https:\/\/reveex.com\/laboratorios\/wp-json\/wp\/v2\/product_tag?post=386"}],"curies":[{"name":"wp","href":"https:\/\/api.w.org\/{rel}","templated":true}]}}