{"id":366,"date":"2022-05-14T16:03:24","date_gmt":"2022-05-14T16:03:24","guid":{"rendered":"https:\/\/reveex.com\/laboratorios\/?post_type=product&#038;p=366"},"modified":"2025-06-24T15:00:12","modified_gmt":"2025-06-24T15:00:12","slug":"osmolar-vitaminado-500ml","status":"publish","type":"product","link":"https:\/\/reveex.com\/laboratorios\/producto\/osmolar-vitaminado-500ml\/","title":{"rendered":"Osmolar vitaminado 500ml"},"content":{"rendered":"<p>Frasco con 500 ml.<\/p>\n<p><strong>Composici\u00f3n:<\/strong><\/p>\n<p>Glucosa 5 g<\/p>\n<p>Calcio cloruro 15 mg<\/p>\n<p>Potasio cloruro 25 mg<\/p>\n<p>Magnesio hipofosfito 20 mg<\/p>\n<p>Sodio acetato 250 mg<\/p>\n<p>L-Histidina clorhidrato 2 mg<\/p>\n<p>DL-Metionina 2 mg<\/p>\n<p>L-Tript\u00f3fano 1 mg<\/p>\n<p>L-Cistina clorhidrato 1 mg<\/p>\n<p>L-Treonina 3,5 mg<\/p>\n<p>L-Isoleucina 4,5 mg<\/p>\n<p>L-Arginina clorhidrato 2,5 mg<\/p>\n<p>L-Fenilalanina 4 mg<\/p>\n<p>L-Valina 5 mg<\/p>\n<p>L-Lisina clorhidrato 5 mg<\/p>\n<p>L-Leucina 4 mg<\/p>\n<p>Monosodio glutamato 5 mg<\/p>\n<p>Tiamina clorhidrato 10 mg<\/p>\n<p>Riboflavina 4 mg<\/p>\n<p>Piridoxina clorhidrato 10 mg<\/p>\n<p>Nicotinamida 150 mg<\/p>\n<p>D-Pantenol 5 mg<\/p>\n<p>Excipiente acuoso est\u00e9ril c.s.p. 100 ml<\/p>\n<p>&nbsp;<\/p>\n<p><strong>Posolog\u00eda:<\/strong><\/p>\n<p>Terneros y Potros: 10 ml\/kg p.v\/d\u00eda.<\/p>\n<p>Bovinos y Equinos adultos: 500 &#8211; 2.000 ml\/animal\/d\u00eda, seg\u00fan el peso.<\/p>\n<p>Estas dosis pueden variar seg\u00fan criterio del m\u00e9dico veterinario.<\/p>\n<p>La duraci\u00f3n del tratamiento tiene que adaptarse a cada caso en particular y teniendo en cuenta los problemas observados.<\/p>\n<p><b>C\u00f3digo<\/b><strong>:<\/strong><br \/>\nPT0337<\/p>\n","protected":false},"excerpt":{"rendered":"<p><strong> Indicaciones:<\/strong><\/p>\n<p align=\"justify\">Bovinos y Equinos: Prevenci\u00f3n y tratamiento de la deshidrataci\u00f3n, desequilibrio electrol\u00edtico e hipoproteinemia.<\/p>\n<p align=\"justify\">En casos de diarreas de origen bacteriano, viral o nutricional; Hipertermia; Estados de shock; V\u00f3mitos; Infestaciones parasitarias; Debilidad; Agotamiento f\u00edsico; Convalecencia. Acetonemia (Cetosis) de la vaca lechera.<\/p>\n<p align=\"justify\">Como complemento de la desparasitaci\u00f3n interna, vacunaciones y tratamientos antiinfeciosos.<\/p>\n<p><strong> Administraci\u00f3n:<\/strong><\/p>\n<p align=\"justify\">Administrar por v\u00eda intravenosa muy lenta, intramuscular o subcut\u00e1nea.<\/p>\n<p>&nbsp;<\/p>\n","protected":false},"featured_media":898,"comment_status":"closed","ping_status":"closed","template":"","meta":{"_exactmetrics_skip_tracking":false,"_exactmetrics_sitenote_active":false,"_exactmetrics_sitenote_note":"","_exactmetrics_sitenote_category":0,"_uf_show_specific_survey":0,"_uf_disable_surveys":false},"product_brand":[],"product_cat":[42],"product_tag":[43],"class_list":{"0":"post-366","1":"product","2":"type-product","3":"status-publish","4":"has-post-thumbnail","6":"product_cat-ganaderia-y-avicultura","7":"product_tag-ganaderia-y-avicultura","9":"first","10":"instock","11":"shipping-taxable","12":"product-type-simple"},"aioseo_notices":[],"_links":{"self":[{"href":"https:\/\/reveex.com\/laboratorios\/wp-json\/wp\/v2\/product\/366","targetHints":{"allow":["GET"]}}],"collection":[{"href":"https:\/\/reveex.com\/laboratorios\/wp-json\/wp\/v2\/product"}],"about":[{"href":"https:\/\/reveex.com\/laboratorios\/wp-json\/wp\/v2\/types\/product"}],"replies":[{"embeddable":true,"href":"https:\/\/reveex.com\/laboratorios\/wp-json\/wp\/v2\/comments?post=366"}],"wp:featuredmedia":[{"embeddable":true,"href":"https:\/\/reveex.com\/laboratorios\/wp-json\/wp\/v2\/media\/898"}],"wp:attachment":[{"href":"https:\/\/reveex.com\/laboratorios\/wp-json\/wp\/v2\/media?parent=366"}],"wp:term":[{"taxonomy":"product_brand","embeddable":true,"href":"https:\/\/reveex.com\/laboratorios\/wp-json\/wp\/v2\/product_brand?post=366"},{"taxonomy":"product_cat","embeddable":true,"href":"https:\/\/reveex.com\/laboratorios\/wp-json\/wp\/v2\/product_cat?post=366"},{"taxonomy":"product_tag","embeddable":true,"href":"https:\/\/reveex.com\/laboratorios\/wp-json\/wp\/v2\/product_tag?post=366"}],"curies":[{"name":"wp","href":"https:\/\/api.w.org\/{rel}","templated":true}]}}