{"id":365,"date":"2022-05-14T16:03:24","date_gmt":"2022-05-14T16:03:24","guid":{"rendered":"https:\/\/reveex.com\/laboratorios\/?post_type=product&#038;p=365"},"modified":"2022-05-14T16:04:02","modified_gmt":"2022-05-14T16:04:02","slug":"nutril-vacas-lecheras","status":"publish","type":"product","link":"https:\/\/reveex.com\/laboratorios\/producto\/nutril-vacas-lecheras\/","title":{"rendered":"Nutril Vacas Lecheras"},"content":{"rendered":"<p>Frasco con 250 ml.<\/p>\n<p><strong>Composici\u00f3n:<\/strong><\/p>\n<p>Calcio hipofosfito 2 g<\/p>\n<p>Cobre cloruro 100 mg<\/p>\n<p>Cobalto cloruro 100 mg<\/p>\n<p>Magnesio cloruro 100 mg<\/p>\n<p>Yodo coloidal 300 mg<\/p>\n<p>Selenio 67,5 mg<\/p>\n<p>Vitamina B12 500 mcg<\/p>\n<p>Vitamina D2 100.000 U.I<\/p>\n<p>Vitamina A 500.000 U.I<\/p>\n<p>Excipiente c.s.p. 100 ml<\/p>\n<p>&nbsp;<\/p>\n<p><strong>Posolog\u00eda:<\/strong><\/p>\n<p>Vacas lecheras: 1 ml por 30 kg p.v, cada 90 d\u00edas.<\/p>\n<p>&nbsp;<\/p>\n<p><b>C\u00f3digo<\/b><strong>:<\/strong><br \/>\nPT0329<\/p>\n","protected":false},"excerpt":{"rendered":"<p><strong> Indicaciones:<\/strong><\/p>\n<p align=\"justify\">Vacas lecheras: Zonas con pastos deficientes en macro-elementos minerales (Calcio, F\u00f3sforo, Magnesio) y oligo-elementos minerales (Cobre, Cobalto, Yodo, Selenio).<\/p>\n<p align=\"justify\">Tratamiento preventivo de la paresia puerperal en vacas pre\u00f1adas y vacas en lactaci\u00f3n. Tratamiento preventivo de la retenci\u00f3n placentaria. Para acortar el periodo de anestro.<\/p>\n<p><strong> Administraci\u00f3n:<\/strong><\/p>\n<p align=\"justify\">Administrar por v\u00eda intramuscular.<\/p>\n<p>&nbsp;<\/p>\n","protected":false},"featured_media":409,"comment_status":"closed","ping_status":"closed","template":"","meta":{"_exactmetrics_skip_tracking":false,"_exactmetrics_sitenote_active":false,"_exactmetrics_sitenote_note":"","_exactmetrics_sitenote_category":0,"_uf_show_specific_survey":0,"_uf_disable_surveys":false},"product_brand":[],"product_cat":[42],"product_tag":[43],"class_list":{"0":"post-365","1":"product","2":"type-product","3":"status-publish","4":"has-post-thumbnail","6":"product_cat-ganaderia-y-avicultura","7":"product_tag-ganaderia-y-avicultura","9":"first","10":"instock","11":"shipping-taxable","12":"product-type-simple"},"aioseo_notices":[],"_links":{"self":[{"href":"https:\/\/reveex.com\/laboratorios\/wp-json\/wp\/v2\/product\/365","targetHints":{"allow":["GET"]}}],"collection":[{"href":"https:\/\/reveex.com\/laboratorios\/wp-json\/wp\/v2\/product"}],"about":[{"href":"https:\/\/reveex.com\/laboratorios\/wp-json\/wp\/v2\/types\/product"}],"replies":[{"embeddable":true,"href":"https:\/\/reveex.com\/laboratorios\/wp-json\/wp\/v2\/comments?post=365"}],"wp:featuredmedia":[{"embeddable":true,"href":"https:\/\/reveex.com\/laboratorios\/wp-json\/wp\/v2\/media\/409"}],"wp:attachment":[{"href":"https:\/\/reveex.com\/laboratorios\/wp-json\/wp\/v2\/media?parent=365"}],"wp:term":[{"taxonomy":"product_brand","embeddable":true,"href":"https:\/\/reveex.com\/laboratorios\/wp-json\/wp\/v2\/product_brand?post=365"},{"taxonomy":"product_cat","embeddable":true,"href":"https:\/\/reveex.com\/laboratorios\/wp-json\/wp\/v2\/product_cat?post=365"},{"taxonomy":"product_tag","embeddable":true,"href":"https:\/\/reveex.com\/laboratorios\/wp-json\/wp\/v2\/product_tag?post=365"}],"curies":[{"name":"wp","href":"https:\/\/api.w.org\/{rel}","templated":true}]}}