{"id":363,"date":"2022-05-14T16:03:23","date_gmt":"2022-05-14T16:03:23","guid":{"rendered":"https:\/\/reveex.com\/laboratorios\/?post_type=product&#038;p=363"},"modified":"2022-05-14T16:03:59","modified_gmt":"2022-05-14T16:03:59","slug":"novalgex-100ml","status":"publish","type":"product","link":"https:\/\/reveex.com\/laboratorios\/producto\/novalgex-100ml\/","title":{"rendered":"Novalgex 100ml"},"content":{"rendered":"<p>Soluci\u00f3n Inyectable<\/p>\n<p>Frascos con 20 y 100 ml.<\/p>\n<p><strong>Composici\u00f3n: <\/strong><\/p>\n<p>Dipirona (s\u00f3dica) 50 g<\/p>\n<p>Excipiente c.s.p. 100 ml<\/p>\n<p><strong>Posolog\u00eda:<\/strong><\/p>\n<p>Equinos adultos: 20 a 60 ml\/animal, seg\u00fan peso.<\/p>\n<p>Bovinos adultos: 20 a 40 ml\/animal.<\/p>\n<p>Potros y Terneros: 5 a 15 ml\/animal.<\/p>\n<p>Ovinos y Caprinos: 2 a 8 ml\/animal.<\/p>\n<p>Porcinos: 10 a 30 ml\/animal.<\/p>\n<p>Perros: 1 a 5 ml\/perro.<\/p>\n<p>Estas dosis pueden repetirse varias veces al d\u00eda, cada 6 a 8 horas.<\/p>\n<p><b>C\u00f3digo<\/b><strong>:<\/strong><br \/>\nPT0323<\/p>\n","protected":false},"excerpt":{"rendered":"<p><strong> Indicaciones:<\/strong><\/p>\n<p align=\"justify\">Procesos acompa\u00f1ados de dolores, principalmente: C\u00f3licos, Contracciones uterinas, Estados febriles e inflamatorios (artritis, tendinitis, miositis, reumatismos), Neuritis, Neuralgias, Traumatismos.<\/p>\n<p align=\"justify\">Procesos acompa\u00f1ados de espasmos, principalmente: Obstrucci\u00f3n esof\u00e1gica, Meteorismo, Espasmos del cuello uterino y de la vulva en el momento del parto.<\/p>\n<p><strong> Administraci\u00f3n:<\/strong><\/p>\n<p align=\"justify\">Administrar por v\u00eda intramuscular o intravenosa lenta.<\/p>\n<p>&nbsp;<\/p>\n","protected":false},"featured_media":407,"comment_status":"closed","ping_status":"closed","template":"","meta":{"_exactmetrics_skip_tracking":false,"_exactmetrics_sitenote_active":false,"_exactmetrics_sitenote_note":"","_exactmetrics_sitenote_category":0,"_uf_show_specific_survey":0,"_uf_disable_surveys":false},"product_brand":[],"product_cat":[42],"product_tag":[43],"class_list":{"0":"post-363","1":"product","2":"type-product","3":"status-publish","4":"has-post-thumbnail","6":"product_cat-ganaderia-y-avicultura","7":"product_tag-ganaderia-y-avicultura","9":"first","10":"instock","11":"shipping-taxable","12":"product-type-simple"},"aioseo_notices":[],"_links":{"self":[{"href":"https:\/\/reveex.com\/laboratorios\/wp-json\/wp\/v2\/product\/363","targetHints":{"allow":["GET"]}}],"collection":[{"href":"https:\/\/reveex.com\/laboratorios\/wp-json\/wp\/v2\/product"}],"about":[{"href":"https:\/\/reveex.com\/laboratorios\/wp-json\/wp\/v2\/types\/product"}],"replies":[{"embeddable":true,"href":"https:\/\/reveex.com\/laboratorios\/wp-json\/wp\/v2\/comments?post=363"}],"wp:featuredmedia":[{"embeddable":true,"href":"https:\/\/reveex.com\/laboratorios\/wp-json\/wp\/v2\/media\/407"}],"wp:attachment":[{"href":"https:\/\/reveex.com\/laboratorios\/wp-json\/wp\/v2\/media?parent=363"}],"wp:term":[{"taxonomy":"product_brand","embeddable":true,"href":"https:\/\/reveex.com\/laboratorios\/wp-json\/wp\/v2\/product_brand?post=363"},{"taxonomy":"product_cat","embeddable":true,"href":"https:\/\/reveex.com\/laboratorios\/wp-json\/wp\/v2\/product_cat?post=363"},{"taxonomy":"product_tag","embeddable":true,"href":"https:\/\/reveex.com\/laboratorios\/wp-json\/wp\/v2\/product_tag?post=363"}],"curies":[{"name":"wp","href":"https:\/\/api.w.org\/{rel}","templated":true}]}}