{"id":362,"date":"2022-05-14T16:03:23","date_gmt":"2022-05-14T16:03:23","guid":{"rendered":"https:\/\/reveex.com\/laboratorios\/?post_type=product&#038;p=362"},"modified":"2022-05-18T14:59:19","modified_gmt":"2022-05-18T14:59:19","slug":"nandrol-50ml","status":"publish","type":"product","link":"https:\/\/reveex.com\/laboratorios\/producto\/nandrol-50ml\/","title":{"rendered":"Nandrol 50ml"},"content":{"rendered":"<p>Frascos con 50 ml.<\/p>\n<p><strong>Composici\u00f3n: <\/strong><\/p>\n<p>Nandrolona decanoato 25 mg<\/p>\n<p>Excipiente c.s.p. 1 ml<\/p>\n<p><strong>Posolog\u00eda:<\/strong><\/p>\n<p>Bovinos, Equinos, Porcinos, Ovinos y Caprinos: 1 ml\/25 kg p.v (1 mg de Nandrolona decanoato\/kg p.v.).<\/p>\n<p>Repetir la dosis de 2 a 3 veces, cada 2 a 3 semanas.<\/p>\n<p><b>C\u00f3digo<\/b><strong>:<\/strong><br \/>\nPT0310<\/p>\n","protected":false},"excerpt":{"rendered":"<p><strong> Indicaciones:<\/strong><\/p>\n<p align=\"justify\">Engorde, Retrasos en el crecimiento, Estados de debilidad, Convalecencia de enfermedades infecciosas y parasitarias (Aftosa, Anaplasmosis, Babesiosis, Tripanosomiasis, Verminosis pulmonar, Distomatosis, Estomatitis vesicular, etc), Heridas, Fracturas, Osteoporosis, Disminuci\u00f3n de la fertilidad, Atr\u00f3fias y Distr\u00f3fias musculares, Despu\u00e9s de tratamientos prolongados con corticosteroides.<\/p>\n<p><strong> Administraci\u00f3n:<\/strong><\/p>\n<p align=\"justify\">Administrar por v\u00eda intramuscular.<\/p>\n<p>&nbsp;<\/p>\n","protected":false},"featured_media":406,"comment_status":"closed","ping_status":"closed","template":"","meta":{"_exactmetrics_skip_tracking":false,"_exactmetrics_sitenote_active":false,"_exactmetrics_sitenote_note":"","_exactmetrics_sitenote_category":0,"_uf_show_specific_survey":0,"_uf_disable_surveys":false},"product_brand":[],"product_cat":[42],"product_tag":[46,43],"class_list":{"0":"post-362","1":"product","2":"type-product","3":"status-publish","4":"has-post-thumbnail","6":"product_cat-ganaderia-y-avicultura","7":"product_tag-destacado","8":"product_tag-ganaderia-y-avicultura","10":"first","11":"instock","12":"shipping-taxable","13":"product-type-simple"},"aioseo_notices":[],"_links":{"self":[{"href":"https:\/\/reveex.com\/laboratorios\/wp-json\/wp\/v2\/product\/362","targetHints":{"allow":["GET"]}}],"collection":[{"href":"https:\/\/reveex.com\/laboratorios\/wp-json\/wp\/v2\/product"}],"about":[{"href":"https:\/\/reveex.com\/laboratorios\/wp-json\/wp\/v2\/types\/product"}],"replies":[{"embeddable":true,"href":"https:\/\/reveex.com\/laboratorios\/wp-json\/wp\/v2\/comments?post=362"}],"wp:featuredmedia":[{"embeddable":true,"href":"https:\/\/reveex.com\/laboratorios\/wp-json\/wp\/v2\/media\/406"}],"wp:attachment":[{"href":"https:\/\/reveex.com\/laboratorios\/wp-json\/wp\/v2\/media?parent=362"}],"wp:term":[{"taxonomy":"product_brand","embeddable":true,"href":"https:\/\/reveex.com\/laboratorios\/wp-json\/wp\/v2\/product_brand?post=362"},{"taxonomy":"product_cat","embeddable":true,"href":"https:\/\/reveex.com\/laboratorios\/wp-json\/wp\/v2\/product_cat?post=362"},{"taxonomy":"product_tag","embeddable":true,"href":"https:\/\/reveex.com\/laboratorios\/wp-json\/wp\/v2\/product_tag?post=362"}],"curies":[{"name":"wp","href":"https:\/\/api.w.org\/{rel}","templated":true}]}}