{"id":356,"date":"2022-05-14T16:03:22","date_gmt":"2022-05-14T16:03:22","guid":{"rendered":"https:\/\/reveex.com\/laboratorios\/?post_type=product&#038;p=356"},"modified":"2022-05-14T16:03:50","modified_gmt":"2022-05-14T16:03:50","slug":"mastiveex-retard-x4","status":"publish","type":"product","link":"https:\/\/reveex.com\/laboratorios\/producto\/mastiveex-retard-x4\/","title":{"rendered":"Mastiveex Retard x4"},"content":{"rendered":"<p>Estuche con 4 inyectores de 10 g c\/u. y Caja con 80 inyectores de 10 g c\/u.<\/p>\n<p><strong>Composici\u00f3n: <\/strong><\/p>\n<p>Cloxacilina (benzatina) 400 mg<\/p>\n<p>Framicetina (sulfato) 200 mg<\/p>\n<p>Excipiente c.s.p. 1 inyector de 10 g<\/p>\n<p><strong>Posolog\u00eda:<\/strong><\/p>\n<p>Vacas: Aplicar el contenido completo de 1 inyector por cada cuarto, inmediatamente despu\u00e9s del \u00faltimo orde\u00f1o.<\/p>\n<p><b>C\u00f3digo<\/b><strong>:<\/strong><br \/>\nPT0268<\/p>\n","protected":false},"excerpt":{"rendered":"<p><strong> Indicaciones:<\/strong><\/p>\n<p align=\"justify\">Vacas: Tratamiento de las mastitis en el periodo de secado causadas por Staphylococcus aureus, Streptococcus agalactiae, Streptococcus dysgalactiae, Streptococcus uberis, E. coli y otras especies de g\u00e9rmenes sensibles a la asociaci\u00f3n.<\/p>\n<p align=\"justify\">Prevenci\u00f3n de nuevas infecciones durante el periodo de secado.<\/p>\n<p><strong> Administraci\u00f3n:<\/strong><\/p>\n<p align=\"justify\">Administrar por v\u00eda intramamaria.<\/p>\n<p>&nbsp;<\/p>\n","protected":false},"featured_media":402,"comment_status":"closed","ping_status":"closed","template":"","meta":{"_exactmetrics_skip_tracking":false,"_exactmetrics_sitenote_active":false,"_exactmetrics_sitenote_note":"","_exactmetrics_sitenote_category":0,"_uf_show_specific_survey":0,"_uf_disable_surveys":false},"product_brand":[],"product_cat":[42],"product_tag":[43],"class_list":{"0":"post-356","1":"product","2":"type-product","3":"status-publish","4":"has-post-thumbnail","6":"product_cat-ganaderia-y-avicultura","7":"product_tag-ganaderia-y-avicultura","9":"first","10":"instock","11":"shipping-taxable","12":"product-type-simple"},"aioseo_notices":[],"_links":{"self":[{"href":"https:\/\/reveex.com\/laboratorios\/wp-json\/wp\/v2\/product\/356","targetHints":{"allow":["GET"]}}],"collection":[{"href":"https:\/\/reveex.com\/laboratorios\/wp-json\/wp\/v2\/product"}],"about":[{"href":"https:\/\/reveex.com\/laboratorios\/wp-json\/wp\/v2\/types\/product"}],"replies":[{"embeddable":true,"href":"https:\/\/reveex.com\/laboratorios\/wp-json\/wp\/v2\/comments?post=356"}],"wp:featuredmedia":[{"embeddable":true,"href":"https:\/\/reveex.com\/laboratorios\/wp-json\/wp\/v2\/media\/402"}],"wp:attachment":[{"href":"https:\/\/reveex.com\/laboratorios\/wp-json\/wp\/v2\/media?parent=356"}],"wp:term":[{"taxonomy":"product_brand","embeddable":true,"href":"https:\/\/reveex.com\/laboratorios\/wp-json\/wp\/v2\/product_brand?post=356"},{"taxonomy":"product_cat","embeddable":true,"href":"https:\/\/reveex.com\/laboratorios\/wp-json\/wp\/v2\/product_cat?post=356"},{"taxonomy":"product_tag","embeddable":true,"href":"https:\/\/reveex.com\/laboratorios\/wp-json\/wp\/v2\/product_tag?post=356"}],"curies":[{"name":"wp","href":"https:\/\/api.w.org\/{rel}","templated":true}]}}