{"id":335,"date":"2022-05-14T16:03:00","date_gmt":"2022-05-14T16:03:00","guid":{"rendered":"https:\/\/reveex.com\/laboratorios\/?post_type=product&#038;p=335"},"modified":"2025-06-24T14:21:13","modified_gmt":"2025-06-24T14:21:13","slug":"isopan-forte","status":"publish","type":"product","link":"https:\/\/reveex.com\/laboratorios\/producto\/isopan-forte\/","title":{"rendered":"Isopan Forte 250 ml"},"content":{"rendered":"<p>Suspensi\u00f3n Oleosa Inyectable<\/p>\n<p>Frascos con 250 ml.<\/p>\n<p><strong>Composici\u00f3n: <\/strong><\/p>\n<p>Oxitetraciclina hidrocloruro\u00a0 \u00a0120 mg<\/p>\n<p>Oxitetraciclina dihidrato\u00a0 \u00a0120 mg<\/p>\n<p>Cloruro Isometamidium clorhidrato\u00a0 \u00a010 mg<\/p>\n<p>Ketoprofeno\u00a0 \u00a060 mg<\/p>\n<p>Vitamina B12\u00a0 \u00a05 mg<\/p>\n<p>Excipientes c.s.p.\u00a0 \u00a01 ml<\/p>\n<p><strong>Administraci\u00f3n y Posolog\u00eda:<\/strong><\/p>\n<p>Bovinos, Ovinos, Caprino y B\u00fafalos: Administrar por v\u00eda intramuscular profunda, preferiblemente en el centro de la tabla del cuello o en la cadera.<\/p>\n<p>Tratamiento curativo de la Tripanosomosis y Anaplasmosis Bovina: 1 ml \/20 kg p.v.<\/p>\n<p>Se recomienda repartir la dosis total en 2 puntos de inyecci\u00f3n distintos y dar un buen masaje en el sitio de inyecci\u00f3n despu\u00e9s de la aplicaci\u00f3n.<\/p>\n<p><b>C\u00f3digo<\/b><strong>:<\/strong><\/p>\n","protected":false},"excerpt":{"rendered":"<p><strong>Mecanismo de Acci\u00f3n:<\/strong><\/p>\n<p>&#8211; Oxitetraciclina hidrocloruro: Controla el Anaplasma inhibiendo la s\u00edntesis de prote\u00ednas, provocando la muerte del par\u00e1sito.<\/p>\n<p>&#8211; Oxitetraciclina dihidrato: Similar al hidrocloruro, ofrece una acci\u00f3n prolongada para controlar Anaplasma.<\/p>\n<p>&#8211; Cloruro Isometamidium: Bloquea la s\u00edntesis de \u00e1cidos nucleicos, inhibiendo el ARN y ADN de los par\u00e1sitos, lo que impide su replicaci\u00f3n.<\/p>\n<p>&#8211; Ketoprofeno: Analg\u00e9sico y antipir\u00e9tico que reduce el dolor y la fiebre asociada a las infecciones.<\/p>\n<p>&#8211; Vitamina B12: Mejora la hematopoyesis, ayudando en la recuperaci\u00f3n de la anemia causada por hemopar\u00e1sitos.<\/p>\n<p>&nbsp;<\/p>\n<p><strong>Especies Indicadas:<\/strong><\/p>\n<p>&#8211; Bovinos<\/p>\n<p>&#8211; Ovinos<\/p>\n<p>&#8211; Caprinos<\/p>\n<p>&#8211; B\u00fafalos<\/p>\n<p>&nbsp;<\/p>\n<p><strong>Indicaciones:<\/strong><\/p>\n<p>&#8211; Tratamiento curativo de la Trypanosomosis bovina causada por <strong><em>Trypanosoma vivax<\/em><\/strong>\u00a0y de la Anaplasmosis bovina por <strong><em>Anaplasma marginale.<\/em><\/strong><\/p>\n<p>&#8211; Tratamiento profil\u00e1ctico de la Trypanosomosis bovina causada por <strong><em>Trypanosoma vivax<\/em><\/strong>.<\/p>\n<p>&nbsp;<\/p>\n<p><strong>Diferenciador:<\/strong><\/p>\n<p>La combinaci\u00f3n de dos formas de oxitetraciclina (hidrocloruro y dihidrato) proporciona una acci\u00f3n r\u00e1pida y prolongada.<\/p>\n<p>Su formulaci\u00f3n en <strong>suspensi\u00f3n oleosa<\/strong> aumenta la eficacia, mientras que el ketoprofeno alivia el dolor y la fiebre, y la vitamina B12 ayuda a la recuperaci\u00f3n de la anemia asociada con estas patolog\u00edas.<\/p>\n<p>&nbsp;<\/p>\n<p><strong>Forma de Presentaci\u00f3n:<\/strong><\/p>\n<p>Frasco de suspensi\u00f3n oleosa para administraci\u00f3n parenteral.<\/p>\n","protected":false},"featured_media":886,"comment_status":"closed","ping_status":"closed","template":"","meta":{"_exactmetrics_skip_tracking":false,"_exactmetrics_sitenote_active":false,"_exactmetrics_sitenote_note":"","_exactmetrics_sitenote_category":0,"_uf_show_specific_survey":0,"_uf_disable_surveys":false},"product_brand":[],"product_cat":[42],"product_tag":[46,43],"class_list":{"0":"post-335","1":"product","2":"type-product","3":"status-publish","4":"has-post-thumbnail","6":"product_cat-ganaderia-y-avicultura","7":"product_tag-destacado","8":"product_tag-ganaderia-y-avicultura","10":"first","11":"instock","12":"shipping-taxable","13":"product-type-simple"},"aioseo_notices":[],"_links":{"self":[{"href":"https:\/\/reveex.com\/laboratorios\/wp-json\/wp\/v2\/product\/335","targetHints":{"allow":["GET"]}}],"collection":[{"href":"https:\/\/reveex.com\/laboratorios\/wp-json\/wp\/v2\/product"}],"about":[{"href":"https:\/\/reveex.com\/laboratorios\/wp-json\/wp\/v2\/types\/product"}],"replies":[{"embeddable":true,"href":"https:\/\/reveex.com\/laboratorios\/wp-json\/wp\/v2\/comments?post=335"}],"wp:featuredmedia":[{"embeddable":true,"href":"https:\/\/reveex.com\/laboratorios\/wp-json\/wp\/v2\/media\/886"}],"wp:attachment":[{"href":"https:\/\/reveex.com\/laboratorios\/wp-json\/wp\/v2\/media?parent=335"}],"wp:term":[{"taxonomy":"product_brand","embeddable":true,"href":"https:\/\/reveex.com\/laboratorios\/wp-json\/wp\/v2\/product_brand?post=335"},{"taxonomy":"product_cat","embeddable":true,"href":"https:\/\/reveex.com\/laboratorios\/wp-json\/wp\/v2\/product_cat?post=335"},{"taxonomy":"product_tag","embeddable":true,"href":"https:\/\/reveex.com\/laboratorios\/wp-json\/wp\/v2\/product_tag?post=335"}],"curies":[{"name":"wp","href":"https:\/\/api.w.org\/{rel}","templated":true}]}}