{"id":332,"date":"2022-05-14T16:03:00","date_gmt":"2022-05-14T16:03:00","guid":{"rendered":"https:\/\/reveex.com\/laboratorios\/?post_type=product&#038;p=332"},"modified":"2025-06-24T15:49:54","modified_gmt":"2025-06-24T15:49:54","slug":"hemoveex-so-250cm3","status":"publish","type":"product","link":"https:\/\/reveex.com\/laboratorios\/producto\/hemoveex-so-250cm3\/","title":{"rendered":"Hemoveex S.O 250cm3"},"content":{"rendered":"<p>Suspensi\u00f3n Oleosa Inyectable<\/p>\n<p>Frascos con 250 ml.<\/p>\n<p><strong>Composici\u00f3n:<\/strong><\/p>\n<p>Ivermectina 2 g.<\/p>\n<p>Cloruro de isometamidium clorhidrato 2,40 g.<\/p>\n<p>Excipientes c.s.p. 100 ml.<\/p>\n<p><strong>Administraci\u00f3n y Posolog\u00eda:<\/strong><\/p>\n<p>V\u00eda intramuscular profunda:<\/p>\n<p>Para infestaciones de moderadas a severas, y efecto sist\u00e9mico mas prolongado.<\/p>\n<p>V\u00eda subcut\u00e1nea:<\/p>\n<p>Para infestaciones leves, tiene tambi\u00e9n un efecto sist\u00e9mico prolongado.<\/p>\n<p><strong>Bovinos:<\/strong> 1mL\/50 kg. p.v (24 mg\/mL de cloruro de isometamidium clorhidrato y 20 mg\/mL de ivermectina) en dosis \u00fanica. Este tratamiento a la dosis indicada, permite curar y prevenir la tripanosomiasis bovina durante un periodo de 2 a 6 meses, dependiendo del grado de infestaci\u00f3n de la zona y de la sensibilidad de las cepas infectantes, as\u00ed como tambi\u00e9n el tratamiento y control de par\u00e1sitos gastrointestinales, pulmonares.<\/p>\n<p><strong>Contraindicaciones:<\/strong><\/p>\n<p>No usar en vacas lecheras en lactaci\u00f3n que producen leche para consumo humano.<\/p>\n<p>No administrar en animales que presente hipersensibilidad al principio activo.<\/p>\n<p>No usar en vacas lecheras en secado, incluidos novillas gestantes 60 d\u00edas antes del parto.<\/p>\n<p><b>C\u00f3digo<\/b><strong>:<\/strong><br \/>\nPT1050<\/p>\n","protected":false},"excerpt":{"rendered":"<p><strong>Especies de destino e indicaciones:<\/strong><\/p>\n<p>Tratamiento especifico de la <em>Trypanosomiasis\u00a0<\/em>en bovinos. Act\u00faa contra el <em>Trypanosoma<\/em> vivax, T. congolense, T. brucei, T. evansi. <strong>Tratamiento de Nematodos gastrointestinales:\u00a0<\/strong>(adultos y larvas de 4\u00ba estadio) causada por Ostertaga ostertagi, Ostertagia lyrata, Haemonchus placei, Trichostrongylus colubriformis, Cooperia oncophora (adultos), Cooperia punctata (adultos), Cooperia pectinata (adultos), Bunostomum phlebotomum, Oesophagostomum radiatum. <strong>Nematodos pulmonares y larvas de 4\u00ba estadio causadas por:\u00a0<\/strong>Dictyocaulus v ivipatus. Parasitosis externas: <em>Miasis<\/em>: Hypoderma bovis y H. lineatum. <strong><em>\u00c1caros<\/em>:<\/strong> Sarcoptes scabiei var. bovis. <em><strong>Piojos succionadores:\u00a0<\/strong><\/em>Linognathus vituli, Hae,atopinus eurysternus, Solenoptes capillatus.<\/p>\n<p><strong>Tiempo de retiro:<\/strong><\/p>\n<p>Carne: 35 d\u00edas. Leche: No usar.<\/p>\n","protected":false},"featured_media":899,"comment_status":"closed","ping_status":"closed","template":"","meta":{"_exactmetrics_skip_tracking":false,"_exactmetrics_sitenote_active":false,"_exactmetrics_sitenote_note":"","_exactmetrics_sitenote_category":0,"_uf_show_specific_survey":0,"_uf_disable_surveys":false},"product_brand":[],"product_cat":[42],"product_tag":[46,43],"class_list":{"0":"post-332","1":"product","2":"type-product","3":"status-publish","4":"has-post-thumbnail","6":"product_cat-ganaderia-y-avicultura","7":"product_tag-destacado","8":"product_tag-ganaderia-y-avicultura","10":"first","11":"instock","12":"shipping-taxable","13":"product-type-simple"},"aioseo_notices":[],"_links":{"self":[{"href":"https:\/\/reveex.com\/laboratorios\/wp-json\/wp\/v2\/product\/332","targetHints":{"allow":["GET"]}}],"collection":[{"href":"https:\/\/reveex.com\/laboratorios\/wp-json\/wp\/v2\/product"}],"about":[{"href":"https:\/\/reveex.com\/laboratorios\/wp-json\/wp\/v2\/types\/product"}],"replies":[{"embeddable":true,"href":"https:\/\/reveex.com\/laboratorios\/wp-json\/wp\/v2\/comments?post=332"}],"wp:featuredmedia":[{"embeddable":true,"href":"https:\/\/reveex.com\/laboratorios\/wp-json\/wp\/v2\/media\/899"}],"wp:attachment":[{"href":"https:\/\/reveex.com\/laboratorios\/wp-json\/wp\/v2\/media?parent=332"}],"wp:term":[{"taxonomy":"product_brand","embeddable":true,"href":"https:\/\/reveex.com\/laboratorios\/wp-json\/wp\/v2\/product_brand?post=332"},{"taxonomy":"product_cat","embeddable":true,"href":"https:\/\/reveex.com\/laboratorios\/wp-json\/wp\/v2\/product_cat?post=332"},{"taxonomy":"product_tag","embeddable":true,"href":"https:\/\/reveex.com\/laboratorios\/wp-json\/wp\/v2\/product_tag?post=332"}],"curies":[{"name":"wp","href":"https:\/\/api.w.org\/{rel}","templated":true}]}}