{"id":331,"date":"2022-05-14T16:03:00","date_gmt":"2022-05-14T16:03:00","guid":{"rendered":"https:\/\/reveex.com\/laboratorios\/?post_type=product&#038;p=331"},"modified":"2022-05-14T16:03:36","modified_gmt":"2022-05-14T16:03:36","slug":"gentaveex-12","status":"publish","type":"product","link":"https:\/\/reveex.com\/laboratorios\/producto\/gentaveex-12\/","title":{"rendered":"Gentaveex 12%"},"content":{"rendered":"<p>Soluci\u00f3n Inyectable<\/p>\n<p>Frascos con 100 y 250 ml.<\/p>\n<p><strong>Composici\u00f3n: <\/strong><\/p>\n<p>Gentamicina(sulfato) 12 g<\/p>\n<p>Excipiente c.s.p. 100 ml<\/p>\n<p><strong>Posolog\u00eda:<\/strong><\/p>\n<p>Porcinos, Bovinos y Equinos: 1 ml\/40 kg p.v (3 mg de Gentamicina\/kg p.v), cada 12 horas, durante 3 d\u00edas.<\/p>\n<p>Perros: 0,2 ml\/8 kg p.v (3 mg de Gentamicina\/kg p.v), cada 12 horas, durante 4 a 5 d\u00edas.<\/p>\n<p>La administraci\u00f3n de dosis peque\u00f1as, as\u00ed como por v\u00eda intravenosa lenta en grandes animales, puede efectuarse aplicando el producto diluido al 5% en suero glucosado est\u00e9ril.<\/p>\n<p><b>C\u00f3digo:<\/b><br \/>\nPT0209<\/p>\n","protected":false},"excerpt":{"rendered":"<p><strong> Indicaciones:<\/strong><\/p>\n<p align=\"justify\">Porcinos: Colibacilosis, Salmonelosis, Septicemia hemorr\u00e1gica.<\/p>\n<p align=\"justify\">Bovinos: Colibacilosis, Salmonelosis, Mastitis, Metritis, Pasteurelosis, Bronconeumon\u00eda, Infecciones genito-urinarias.<\/p>\n<p align=\"justify\">Equinos: Colibacilosis, Salmonelosis, Bronconeumon\u00eda, Metritis.<\/p>\n<p align=\"justify\">Perros: Infecciones urinarias, Neumon\u00eda, Rinitis, Infecciones cut\u00e1neas, Artritis infecciosa.<\/p>\n<p><strong> Administraci\u00f3n:<\/strong><\/p>\n<p align=\"justify\">Administrar por v\u00eda intramuscular.<\/p>\n<p>&nbsp;<\/p>\n","protected":false},"featured_media":377,"comment_status":"closed","ping_status":"closed","template":"","meta":{"_exactmetrics_skip_tracking":false,"_exactmetrics_sitenote_active":false,"_exactmetrics_sitenote_note":"","_exactmetrics_sitenote_category":0,"_uf_show_specific_survey":0,"_uf_disable_surveys":false},"product_brand":[],"product_cat":[42],"product_tag":[43],"class_list":{"0":"post-331","1":"product","2":"type-product","3":"status-publish","4":"has-post-thumbnail","6":"product_cat-ganaderia-y-avicultura","7":"product_tag-ganaderia-y-avicultura","9":"first","10":"instock","11":"shipping-taxable","12":"product-type-simple"},"aioseo_notices":[],"_links":{"self":[{"href":"https:\/\/reveex.com\/laboratorios\/wp-json\/wp\/v2\/product\/331","targetHints":{"allow":["GET"]}}],"collection":[{"href":"https:\/\/reveex.com\/laboratorios\/wp-json\/wp\/v2\/product"}],"about":[{"href":"https:\/\/reveex.com\/laboratorios\/wp-json\/wp\/v2\/types\/product"}],"replies":[{"embeddable":true,"href":"https:\/\/reveex.com\/laboratorios\/wp-json\/wp\/v2\/comments?post=331"}],"wp:featuredmedia":[{"embeddable":true,"href":"https:\/\/reveex.com\/laboratorios\/wp-json\/wp\/v2\/media\/377"}],"wp:attachment":[{"href":"https:\/\/reveex.com\/laboratorios\/wp-json\/wp\/v2\/media?parent=331"}],"wp:term":[{"taxonomy":"product_brand","embeddable":true,"href":"https:\/\/reveex.com\/laboratorios\/wp-json\/wp\/v2\/product_brand?post=331"},{"taxonomy":"product_cat","embeddable":true,"href":"https:\/\/reveex.com\/laboratorios\/wp-json\/wp\/v2\/product_cat?post=331"},{"taxonomy":"product_tag","embeddable":true,"href":"https:\/\/reveex.com\/laboratorios\/wp-json\/wp\/v2\/product_tag?post=331"}],"curies":[{"name":"wp","href":"https:\/\/api.w.org\/{rel}","templated":true}]}}