{"id":321,"date":"2022-05-14T16:02:58","date_gmt":"2022-05-14T16:02:58","guid":{"rendered":"https:\/\/reveex.com\/laboratorios\/?post_type=product&#038;p=321"},"modified":"2022-05-14T16:03:18","modified_gmt":"2022-05-14T16:03:18","slug":"diclopen-20cm3","status":"publish","type":"product","link":"https:\/\/reveex.com\/laboratorios\/producto\/diclopen-20cm3\/","title":{"rendered":"Diclopen 20cm3"},"content":{"rendered":"<p>Frasco de 50 ml (9,95 g de polvo est\u00e9ril para inyecci\u00f3n) y Frasco de 20 ml (15 ml de diluente est\u00e9ril conteniendo 225 mg de Diclofenaco de sodio).<\/p>\n<p><strong>Composici\u00f3n: <\/strong><\/p>\n<p>Por ml de suspensi\u00f3n reconstituida:<\/p>\n<p>Penicilina G benzatina 150.000 U.I<\/p>\n<p>Penicilina G proca\u00edna 150.000 U.I<\/p>\n<p>Penicilina G s\u00f3dica 100.000 U.I<\/p>\n<p>Dihidroestreptomicina (sulfato) 125 mg<\/p>\n<p>Diclofenaco de sodio 11,25 mg<\/p>\n<p>Diluente est\u00e9ril c.s.p. 1 ml<\/p>\n<p><strong>Posolog\u00eda:<\/strong><\/p>\n<p>Bovinos y Equinos: 2 a 6 ml\/100 kg p.v (8.000 a 24.000 U.I de Penicilina G\/kg p.v), seg\u00fan la gravedad de la infecci\u00f3n.<\/p>\n<p>En caso necesario, repetir la dosis a las 72 horas.<\/p>\n<p><b>C\u00f3digo<\/b><strong>:<\/strong><br \/>\nPT0130<\/p>\n","protected":false},"excerpt":{"rendered":"<p><strong> Indicaciones:<\/strong><\/p>\n<p align=\"justify\">Bovinos y Equinos:Tratamiento curativo de infecciones primarias o secundarias que cursan con inflamaci\u00f3n aguda o cr\u00f3nica, en particular: Infecciones respiratorias (neumon\u00eda, bronconeumon\u00eda, pasteurelosis, adenitis equina), Infecciones puerperales (metritis, mastitis), Infecciones del aparato locomotor (pododermatitis, artritis s\u00e9ptica), septicemias, heridas infectadas, abscesos, actinomicosis, carb\u00f3n bacteridiano.<\/p>\n<p><strong> Administraci\u00f3n:<\/strong><\/p>\n<p align=\"justify\">Administrar por v\u00eda intramuscular profunda, en dosis \u00fanica.<\/p>\n<p>&nbsp;<\/p>\n","protected":false},"featured_media":351,"comment_status":"closed","ping_status":"closed","template":"","meta":{"_exactmetrics_skip_tracking":false,"_exactmetrics_sitenote_active":false,"_exactmetrics_sitenote_note":"","_exactmetrics_sitenote_category":0,"_uf_show_specific_survey":0,"_uf_disable_surveys":false},"product_brand":[],"product_cat":[42],"product_tag":[43],"class_list":{"0":"post-321","1":"product","2":"type-product","3":"status-publish","4":"has-post-thumbnail","6":"product_cat-ganaderia-y-avicultura","7":"product_tag-ganaderia-y-avicultura","9":"first","10":"instock","11":"shipping-taxable","12":"product-type-simple"},"aioseo_notices":[],"_links":{"self":[{"href":"https:\/\/reveex.com\/laboratorios\/wp-json\/wp\/v2\/product\/321","targetHints":{"allow":["GET"]}}],"collection":[{"href":"https:\/\/reveex.com\/laboratorios\/wp-json\/wp\/v2\/product"}],"about":[{"href":"https:\/\/reveex.com\/laboratorios\/wp-json\/wp\/v2\/types\/product"}],"replies":[{"embeddable":true,"href":"https:\/\/reveex.com\/laboratorios\/wp-json\/wp\/v2\/comments?post=321"}],"wp:featuredmedia":[{"embeddable":true,"href":"https:\/\/reveex.com\/laboratorios\/wp-json\/wp\/v2\/media\/351"}],"wp:attachment":[{"href":"https:\/\/reveex.com\/laboratorios\/wp-json\/wp\/v2\/media?parent=321"}],"wp:term":[{"taxonomy":"product_brand","embeddable":true,"href":"https:\/\/reveex.com\/laboratorios\/wp-json\/wp\/v2\/product_brand?post=321"},{"taxonomy":"product_cat","embeddable":true,"href":"https:\/\/reveex.com\/laboratorios\/wp-json\/wp\/v2\/product_cat?post=321"},{"taxonomy":"product_tag","embeddable":true,"href":"https:\/\/reveex.com\/laboratorios\/wp-json\/wp\/v2\/product_tag?post=321"}],"curies":[{"name":"wp","href":"https:\/\/api.w.org\/{rel}","templated":true}]}}