{"id":318,"date":"2022-05-14T16:02:58","date_gmt":"2022-05-14T16:02:58","guid":{"rendered":"https:\/\/reveex.com\/laboratorios\/?post_type=product&#038;p=318"},"modified":"2022-05-14T16:03:14","modified_gmt":"2022-05-14T16:03:14","slug":"ciperveex-1-lt","status":"publish","type":"product","link":"https:\/\/reveex.com\/laboratorios\/producto\/ciperveex-1-lt\/","title":{"rendered":"Ciperveex 1 lt"},"content":{"rendered":"<p>Envases con 210 ml y 1 lt.<\/p>\n<p><strong>Composici\u00f3n: <\/strong><\/p>\n<p>Cipermetrina 10 g<\/p>\n<p>Excipiente y emulsionantes c.s.p. 100 ml<\/p>\n<p><strong>Posolog\u00eda:<\/strong><\/p>\n<p>Bovinos, Ovinos, Porcinos, Aves e Instalaciones.<\/p>\n<p><b>C\u00f3digo<\/b><strong>:<\/strong><br \/>\nPT0085<\/p>\n","protected":false},"excerpt":{"rendered":"<p><strong> Indicaciones:<\/strong><\/p>\n<p align=\"justify\">Tratamiento y control de infestaciones por moscas: Haematobia irritans (mosca de los cuernos), Musca domestica (mosca dom\u00e9stica), Stomoxis calcitrans (mosca brava), Musca autumnalis (mosca de la cara), Hidrotaea irritans (mosca de la cabeza); y otros ectopar\u00e1sitos como garrapatas (Boophilus y Ammblyoma), \u00e1caros de la sarna (\u00e1caro rojo de las aves) y piojos.<\/p>\n<p align=\"justify\">Desinsectaci\u00f3n de instalaciones ganaderas, av\u00edcolas e industriales.<\/p>\n<p><strong> Administraci\u00f3n:<\/strong><\/p>\n<p align=\"justify\">Bovinos, Ovinos y Porcinos: diluir 1 litro por 700 litros de agua y aplicar mediante ba\u00f1o por aspersi\u00f3n o ba\u00f1o de inmersi\u00f3n.<\/p>\n<p align=\"justify\">Aves: diluir 50 ml por 20 litros de agua y pulverizar a raz\u00f3n de 1 litro por cada 50 aves.<\/p>\n<p align=\"justify\">Instalaciones: diluir 100 ml por 20 litros de agua y pulverizar a raz\u00f3n de 5 litros por cada 100 m2 de superficie.<\/p>\n<p>&nbsp;<\/p>\n","protected":false},"featured_media":348,"comment_status":"closed","ping_status":"closed","template":"","meta":{"_exactmetrics_skip_tracking":false,"_exactmetrics_sitenote_active":false,"_exactmetrics_sitenote_note":"","_exactmetrics_sitenote_category":0,"_uf_show_specific_survey":0,"_uf_disable_surveys":false},"product_brand":[],"product_cat":[42],"product_tag":[43],"class_list":{"0":"post-318","1":"product","2":"type-product","3":"status-publish","4":"has-post-thumbnail","6":"product_cat-ganaderia-y-avicultura","7":"product_tag-ganaderia-y-avicultura","9":"first","10":"instock","11":"shipping-taxable","12":"product-type-simple"},"aioseo_notices":[],"_links":{"self":[{"href":"https:\/\/reveex.com\/laboratorios\/wp-json\/wp\/v2\/product\/318","targetHints":{"allow":["GET"]}}],"collection":[{"href":"https:\/\/reveex.com\/laboratorios\/wp-json\/wp\/v2\/product"}],"about":[{"href":"https:\/\/reveex.com\/laboratorios\/wp-json\/wp\/v2\/types\/product"}],"replies":[{"embeddable":true,"href":"https:\/\/reveex.com\/laboratorios\/wp-json\/wp\/v2\/comments?post=318"}],"wp:featuredmedia":[{"embeddable":true,"href":"https:\/\/reveex.com\/laboratorios\/wp-json\/wp\/v2\/media\/348"}],"wp:attachment":[{"href":"https:\/\/reveex.com\/laboratorios\/wp-json\/wp\/v2\/media?parent=318"}],"wp:term":[{"taxonomy":"product_brand","embeddable":true,"href":"https:\/\/reveex.com\/laboratorios\/wp-json\/wp\/v2\/product_brand?post=318"},{"taxonomy":"product_cat","embeddable":true,"href":"https:\/\/reveex.com\/laboratorios\/wp-json\/wp\/v2\/product_cat?post=318"},{"taxonomy":"product_tag","embeddable":true,"href":"https:\/\/reveex.com\/laboratorios\/wp-json\/wp\/v2\/product_tag?post=318"}],"curies":[{"name":"wp","href":"https:\/\/api.w.org\/{rel}","templated":true}]}}