{"id":313,"date":"2022-05-14T16:02:57","date_gmt":"2022-05-14T16:02:57","guid":{"rendered":"https:\/\/reveex.com\/laboratorios\/?post_type=product&#038;p=313"},"modified":"2022-05-14T16:03:08","modified_gmt":"2022-05-14T16:03:08","slug":"bovinet-315-500ml","status":"publish","type":"product","link":"https:\/\/reveex.com\/laboratorios\/producto\/bovinet-315-500ml\/","title":{"rendered":"Bovinet 3,15% 500ml"},"content":{"rendered":"<p>Soluci\u00f3n inyectable<\/p>\n<p>Frasco con 500 ml.<\/p>\n<p><strong>Composici\u00f3n: <\/strong><\/p>\n<p>Ivermectina 10 mg<br \/>\nExcipiente de larga acci\u00f3n c.s.p. 1 ml<\/p>\n<p><strong>Posolog\u00eda:<\/strong><\/p>\n<p>Bovinos: 1 ml\/50 kg p.v (200 mcg de Ivermectina\/kg p.v)<\/p>\n<p><b>C\u00f3digo<\/b><strong>:<\/strong><br \/>\nPT0052<\/p>\n","protected":false},"excerpt":{"rendered":"<p><strong> Indicaciones:<\/strong><\/p>\n<p align=\"justify\">Bovinos: Tratamiento y control de Nematodosis gastrointestinal, Nematodosis pulmonar, Sarna, Parasitosis externas, Hipodermosis (Nuche, T\u00f3rsalo).<\/p>\n<p align=\"justify\">Tratamiento y control de las formas adultas e inmaduras de nematodos gastrointestinales y pulmonares, nuches (los tres estadios parasitarios), piojos chupadores, \u00e1caros de la sarna psor\u00f3ptica y sarc\u00f3ptica, larvas de moscas parasitarias y tambi\u00e9n como ayuda en el control de piojos masticadores, \u00e1caros de la sarna cori\u00f3ptica y garrapatas tropicales (Boophilus microplus).<\/p>\n<p><strong> Administraci\u00f3n:<\/strong><\/p>\n<p align=\"justify\">Administrar por v\u00eda subcut\u00e1nea estricta, en dosis \u00fanica.<\/p>\n<p>&nbsp;<\/p>\n","protected":false},"featured_media":343,"comment_status":"closed","ping_status":"closed","template":"","meta":{"_exactmetrics_skip_tracking":false,"_exactmetrics_sitenote_active":false,"_exactmetrics_sitenote_note":"","_exactmetrics_sitenote_category":0,"_uf_show_specific_survey":0,"_uf_disable_surveys":false},"product_brand":[],"product_cat":[42],"product_tag":[43],"class_list":{"0":"post-313","1":"product","2":"type-product","3":"status-publish","4":"has-post-thumbnail","6":"product_cat-ganaderia-y-avicultura","7":"product_tag-ganaderia-y-avicultura","9":"first","10":"instock","11":"shipping-taxable","12":"product-type-simple"},"aioseo_notices":[],"_links":{"self":[{"href":"https:\/\/reveex.com\/laboratorios\/wp-json\/wp\/v2\/product\/313","targetHints":{"allow":["GET"]}}],"collection":[{"href":"https:\/\/reveex.com\/laboratorios\/wp-json\/wp\/v2\/product"}],"about":[{"href":"https:\/\/reveex.com\/laboratorios\/wp-json\/wp\/v2\/types\/product"}],"replies":[{"embeddable":true,"href":"https:\/\/reveex.com\/laboratorios\/wp-json\/wp\/v2\/comments?post=313"}],"wp:featuredmedia":[{"embeddable":true,"href":"https:\/\/reveex.com\/laboratorios\/wp-json\/wp\/v2\/media\/343"}],"wp:attachment":[{"href":"https:\/\/reveex.com\/laboratorios\/wp-json\/wp\/v2\/media?parent=313"}],"wp:term":[{"taxonomy":"product_brand","embeddable":true,"href":"https:\/\/reveex.com\/laboratorios\/wp-json\/wp\/v2\/product_brand?post=313"},{"taxonomy":"product_cat","embeddable":true,"href":"https:\/\/reveex.com\/laboratorios\/wp-json\/wp\/v2\/product_cat?post=313"},{"taxonomy":"product_tag","embeddable":true,"href":"https:\/\/reveex.com\/laboratorios\/wp-json\/wp\/v2\/product_tag?post=313"}],"curies":[{"name":"wp","href":"https:\/\/api.w.org\/{rel}","templated":true}]}}