{"id":310,"date":"2022-05-14T16:02:57","date_gmt":"2022-05-14T16:02:57","guid":{"rendered":"https:\/\/reveex.com\/laboratorios\/?post_type=product&#038;p=310"},"modified":"2022-05-14T16:03:04","modified_gmt":"2022-05-14T16:03:04","slug":"amitraz-125-reveex","status":"publish","type":"product","link":"https:\/\/reveex.com\/laboratorios\/producto\/amitraz-125-reveex\/","title":{"rendered":"Amitraz 12,5% Reveex"},"content":{"rendered":"<p>Soluci\u00f3n emulsionable externa<\/p>\n<p>Envases con 286 ml y 1 lt.<\/p>\n<p><strong>Composici\u00f3n: <\/strong><\/p>\n<p>Amitraz 12,5 g<br \/>\nExcipiente, emulsionante y estabilizante c.s.p. 100 ml<\/p>\n<p><strong>Posolog\u00eda:<\/strong><\/p>\n<p>Bovinos: diluir 1 litro por 700 litros de agua.<br \/>\nOvinos y Porcinos: diluir 1 litro por 350 litros de agua.<\/p>\n<p><b>C\u00f3digo<\/b><strong>:<\/strong><br \/>\nPT0021<\/p>\n","protected":false},"excerpt":{"rendered":"<p><strong> Indicaciones:<\/strong><\/p>\n<p align=\"justify\">Control y tratamiento de infestaciones por garrapatas (Boophilus microplus, Amblyoma cajennense), \u00e1caros de la sarna (Sarcoptes scabiei, Psoroptes ovis, Chorioptes bovis, Sarcoptes scabiei var. suis) y piojos (Linognathus spp.,Haematopinus spp., Damalinia bovis, Haematopinus suis).<\/p>\n<p><strong> Administraci\u00f3n:<\/strong><\/p>\n<p align=\"justify\">Administrar por v\u00eda t\u00f3pica mediante ba\u00f1o por aspersi\u00f3n o ba\u00f1o de inmersi\u00f3n.<\/p>\n<p>&nbsp;<\/p>\n","protected":false},"featured_media":340,"comment_status":"closed","ping_status":"closed","template":"","meta":{"_exactmetrics_skip_tracking":false,"_exactmetrics_sitenote_active":false,"_exactmetrics_sitenote_note":"","_exactmetrics_sitenote_category":0,"_uf_show_specific_survey":0,"_uf_disable_surveys":false},"product_brand":[],"product_cat":[42],"product_tag":[43],"class_list":{"0":"post-310","1":"product","2":"type-product","3":"status-publish","4":"has-post-thumbnail","6":"product_cat-ganaderia-y-avicultura","7":"product_tag-ganaderia-y-avicultura","9":"first","10":"instock","11":"shipping-taxable","12":"product-type-simple"},"aioseo_notices":[],"_links":{"self":[{"href":"https:\/\/reveex.com\/laboratorios\/wp-json\/wp\/v2\/product\/310","targetHints":{"allow":["GET"]}}],"collection":[{"href":"https:\/\/reveex.com\/laboratorios\/wp-json\/wp\/v2\/product"}],"about":[{"href":"https:\/\/reveex.com\/laboratorios\/wp-json\/wp\/v2\/types\/product"}],"replies":[{"embeddable":true,"href":"https:\/\/reveex.com\/laboratorios\/wp-json\/wp\/v2\/comments?post=310"}],"wp:featuredmedia":[{"embeddable":true,"href":"https:\/\/reveex.com\/laboratorios\/wp-json\/wp\/v2\/media\/340"}],"wp:attachment":[{"href":"https:\/\/reveex.com\/laboratorios\/wp-json\/wp\/v2\/media?parent=310"}],"wp:term":[{"taxonomy":"product_brand","embeddable":true,"href":"https:\/\/reveex.com\/laboratorios\/wp-json\/wp\/v2\/product_brand?post=310"},{"taxonomy":"product_cat","embeddable":true,"href":"https:\/\/reveex.com\/laboratorios\/wp-json\/wp\/v2\/product_cat?post=310"},{"taxonomy":"product_tag","embeddable":true,"href":"https:\/\/reveex.com\/laboratorios\/wp-json\/wp\/v2\/product_tag?post=310"}],"curies":[{"name":"wp","href":"https:\/\/api.w.org\/{rel}","templated":true}]}}