{"id":869,"date":"2022-04-10T17:11:55","date_gmt":"2022-04-10T17:11:55","guid":{"rendered":"http:\/\/c2540650.ferozo.com\/agricola\/?post_type=product&#038;p=869"},"modified":"2022-09-28T18:55:11","modified_gmt":"2022-09-28T18:55:11","slug":"covinex-forte-1kg","status":"publish","type":"product","link":"https:\/\/reveex.com\/agricola\/product\/covinex-forte-1kg\/","title":{"rendered":"Covinex Forte 1kg"},"content":{"rendered":"<p><strong>Composici\u00f3n: <\/strong><\/p>\n<p>Sulfato tetrac\u00faprico tric\u00e1lcico 40%<\/p>\n<p>Oxicloruro de cobre 19%<\/p>\n<p>Zineb 7,5%<\/p>\n<p>Maneb 7,5%<\/p>\n<p>Ferrocianuro f\u00e9rrico 2%<\/p>\n<p><strong>C\u00f3digo: <\/strong><\/p>\n<p>PT0014<\/p>\n<p>&nbsp;<\/p>\n","protected":false},"excerpt":{"rendered":"<p><strong>Propiedades:<\/strong><\/p>\n<p align=\"justify\">Fungicida \u00f3rgano &#8211; c\u00faprico de acci\u00f3n inmediata y persistente. Alta fijaci\u00f3n y adherencia en las superficies tratadas. Gran estabilidad y homogeneidad en su diluci\u00f3n. La acci\u00f3n de COVINEX FORTE es r\u00e1pida y evita las esporulaciones inmediatas. Inmejorable cubrimiento con dosis bajas debido a su alta micronizaci\u00f3n, la cual proporciona un bajo tama\u00f1o de part\u00edcula. No es un producto fitot\u00f3xico y puede emplearse repetidas veces en tratamientos programados. No favorece la ara\u00f1a roja ni provoca podredumbres.<\/p>\n<p align=\"justify\">COVINEX FORTE no altera el color, olor o sabor de los frutos o partes comestibles. Puede ser aplicado con cualquier equipo de tratamiento por pulverizaci\u00f3n.<\/p>\n<p><strong> Aplicaciones:<\/strong><\/p>\n<p align=\"justify\">Arroz: Rhizoctoniosis (Rhizocthonia spp.)<\/p>\n<p align=\"justify\">Caf\u00e9: Antracnosis (Colleototrichum spp), roya (Hemileia vastatrix)<\/p>\n<p align=\"justify\">Hort\u00edcolas: Pata negra (Phytopthora spp), Quemaz\u00f3n temprana (Alternaria), Mildiu (Erysiphe spp), Mancha cercospora (Cercospora spp)<\/p>\n<p align=\"justify\">Ma\u00edz y Sorgo: Rhizoctoniosis (Rhizocthonia spp.)<\/p>\n<p align=\"justify\">Pl\u00e1tano: Sigatoca (Mycosphaerella musicola), Moho circular (Cladosporium)<\/p>\n<p>&nbsp;<\/p>\n","protected":false},"featured_media":934,"template":"","meta":[],"product_brand":[],"product_cat":[47],"product_tag":[48],"class_list":{"0":"post-869","1":"product","2":"type-product","3":"status-publish","4":"has-post-thumbnail","6":"product_cat-fungicidas","7":"product_tag-fungicidas","9":"first","10":"instock","11":"shipping-taxable","12":"product-type-simple"},"_links":{"self":[{"href":"https:\/\/reveex.com\/agricola\/wp-json\/wp\/v2\/product\/869","targetHints":{"allow":["GET"]}}],"collection":[{"href":"https:\/\/reveex.com\/agricola\/wp-json\/wp\/v2\/product"}],"about":[{"href":"https:\/\/reveex.com\/agricola\/wp-json\/wp\/v2\/types\/product"}],"wp:featuredmedia":[{"embeddable":true,"href":"https:\/\/reveex.com\/agricola\/wp-json\/wp\/v2\/media\/934"}],"wp:attachment":[{"href":"https:\/\/reveex.com\/agricola\/wp-json\/wp\/v2\/media?parent=869"}],"wp:term":[{"taxonomy":"product_brand","embeddable":true,"href":"https:\/\/reveex.com\/agricola\/wp-json\/wp\/v2\/product_brand?post=869"},{"taxonomy":"product_cat","embeddable":true,"href":"https:\/\/reveex.com\/agricola\/wp-json\/wp\/v2\/product_cat?post=869"},{"taxonomy":"product_tag","embeddable":true,"href":"https:\/\/reveex.com\/agricola\/wp-json\/wp\/v2\/product_tag?post=869"}],"curies":[{"name":"wp","href":"https:\/\/api.w.org\/{rel}","templated":true}]}}