{"id":868,"date":"2022-04-10T17:10:16","date_gmt":"2022-04-10T17:10:16","guid":{"rendered":"http:\/\/c2540650.ferozo.com\/agricola\/?post_type=product&#038;p=868"},"modified":"2022-04-21T21:39:10","modified_gmt":"2022-04-21T21:39:10","slug":"hacha-1lts","status":"publish","type":"product","link":"https:\/\/reveex.com\/agricola\/product\/hacha-1lts\/","title":{"rendered":"Hacha 1lts"},"content":{"rendered":"<p><strong>Composici\u00f3n: <\/strong><\/p>\n<p>Paracuat (Dicloruro) 20%<\/p>\n<p><strong>Dosis de aplicaci\u00f3n:<\/strong><\/p>\n<p>2 a 4 Lts\/Ha<\/p>\n<p><strong>C\u00f3digo: <\/strong><\/p>\n<p>PT0053<\/p>\n<p>&nbsp;<\/p>\n","protected":false},"excerpt":{"rendered":"<p><strong> Propiedades:<\/strong><\/p>\n<p align=\"justify\">Herbicida no selectivo, acci\u00f3n por contacto de aplicaci\u00f3n foliar. R\u00e1pido efecto para control de todo tipo de malezas. Presenta tolerancia a la lluvia a los pocos minutos de su aplicaci\u00f3n. Se inactiva al entrar en contacto con el suelo. Controla la maleza, sin destruir su estructura radicular. No altera la estructura del suelo. No se lixivia ni tiene acci\u00f3n residual. Elimina malezas resistentes a glifosatos.<\/p>\n<p><strong> Aplicaciones:<\/strong><\/p>\n<p align=\"justify\">HACHA controla malezas anuales perennes y acu\u00e1ticas, entre ellas malezas flotantes, ca\u00f1as y juncos, malezas sumergidas y algas, en cultivos como caf\u00e9, pl\u00e1tano, cacao, ca\u00f1a de az\u00facar, c\u00edtricos, aguacate, uva. Aplicaci\u00f3n entre hileras de los cultivos.<\/p>\n<p>&nbsp;<\/p>\n","protected":false},"featured_media":943,"template":"","meta":[],"product_brand":[],"product_cat":[45],"product_tag":[46],"class_list":{"0":"post-868","1":"product","2":"type-product","3":"status-publish","4":"has-post-thumbnail","6":"product_cat-herbicidas","7":"product_tag-herbicidas","9":"first","10":"instock","11":"shipping-taxable","12":"product-type-simple"},"_links":{"self":[{"href":"https:\/\/reveex.com\/agricola\/wp-json\/wp\/v2\/product\/868","targetHints":{"allow":["GET"]}}],"collection":[{"href":"https:\/\/reveex.com\/agricola\/wp-json\/wp\/v2\/product"}],"about":[{"href":"https:\/\/reveex.com\/agricola\/wp-json\/wp\/v2\/types\/product"}],"wp:featuredmedia":[{"embeddable":true,"href":"https:\/\/reveex.com\/agricola\/wp-json\/wp\/v2\/media\/943"}],"wp:attachment":[{"href":"https:\/\/reveex.com\/agricola\/wp-json\/wp\/v2\/media?parent=868"}],"wp:term":[{"taxonomy":"product_brand","embeddable":true,"href":"https:\/\/reveex.com\/agricola\/wp-json\/wp\/v2\/product_brand?post=868"},{"taxonomy":"product_cat","embeddable":true,"href":"https:\/\/reveex.com\/agricola\/wp-json\/wp\/v2\/product_cat?post=868"},{"taxonomy":"product_tag","embeddable":true,"href":"https:\/\/reveex.com\/agricola\/wp-json\/wp\/v2\/product_tag?post=868"}],"curies":[{"name":"wp","href":"https:\/\/api.w.org\/{rel}","templated":true}]}}