{"id":866,"date":"2022-04-10T17:03:13","date_gmt":"2022-04-10T17:03:13","guid":{"rendered":"http:\/\/c2540650.ferozo.com\/agricola\/?post_type=product&#038;p=866"},"modified":"2022-04-20T16:58:28","modified_gmt":"2022-04-20T16:58:28","slug":"taco-1lts","status":"publish","type":"product","link":"https:\/\/reveex.com\/agricola\/product\/taco-1lts\/","title":{"rendered":"Taco 1lts"},"content":{"rendered":"<p><strong>Composici\u00f3n: <\/strong><\/p>\n<p>Pendimetalina 33%<\/p>\n<p><strong>Dosis de aplicaci\u00f3n:<\/strong><\/p>\n<p>3 a 5 Lts\/Ha.<\/p>\n<p><strong>C\u00f3digo: <\/strong><\/p>\n<p>PT0049<\/p>\n","protected":false},"excerpt":{"rendered":"<p><strong> Propiedades:<\/strong><\/p>\n<p align=\"justify\">Herbicida selectivo de acci\u00f3n pre- y post-emergente temprana. Se absorbe por las ra\u00edces en cantidades limitadas. Inhibe la divisi\u00f3n celular durante la mitosis tanto en los meristemas apicales como radiculares. La absorci\u00f3n por los brotes es el factor m\u00e1s importante en el control de las especies de hoja ancha. TACO no controla malas hierbas perennes.<\/p>\n<p><strong> Aplicaciones:<\/strong><\/p>\n<p align=\"justify\">Algod\u00f3n: Pira (Amaranthus dubius), Cadillo bravo (Cenchrus echinatus), Pelo de Indio (Cynodon dactylon), Paja americana (Echinochloa colonum), Pata de gallina (Eleusine indica), Paja morada (Leptochloa filiformis), Paja peluda (Rottboellia exalta), Limpia botella (Setaria faberii), Verdolag\u00f3n (Trianthema portulacastrum), Digitaria (Digitaria sanguinalis), Paja rolito (Ischaemum rugosum).<\/p>\n<p align=\"justify\">Arroz: Paja rolito (Ischaemum rugosum), Paja americana (Echinochloa colonum), Cola de zorro (Leptochloa filiformis).<\/p>\n<p align=\"justify\">Ma\u00edz y Sorgo: Paja rolito (Ischaemum rugosum), Paja peluda (Rottboellia exalta), Pata de gallina (Eleusine indica), Pira (Amaranthus dubius), Falso Jonson (Sorghum verticilliflorum).<\/p>\n<p>&nbsp;<\/p>\n","protected":false},"featured_media":929,"template":"","meta":[],"product_brand":[],"product_cat":[45],"product_tag":[46],"class_list":{"0":"post-866","1":"product","2":"type-product","3":"status-publish","4":"has-post-thumbnail","6":"product_cat-herbicidas","7":"product_tag-herbicidas","9":"first","10":"instock","11":"shipping-taxable","12":"product-type-simple"},"_links":{"self":[{"href":"https:\/\/reveex.com\/agricola\/wp-json\/wp\/v2\/product\/866","targetHints":{"allow":["GET"]}}],"collection":[{"href":"https:\/\/reveex.com\/agricola\/wp-json\/wp\/v2\/product"}],"about":[{"href":"https:\/\/reveex.com\/agricola\/wp-json\/wp\/v2\/types\/product"}],"wp:featuredmedia":[{"embeddable":true,"href":"https:\/\/reveex.com\/agricola\/wp-json\/wp\/v2\/media\/929"}],"wp:attachment":[{"href":"https:\/\/reveex.com\/agricola\/wp-json\/wp\/v2\/media?parent=866"}],"wp:term":[{"taxonomy":"product_brand","embeddable":true,"href":"https:\/\/reveex.com\/agricola\/wp-json\/wp\/v2\/product_brand?post=866"},{"taxonomy":"product_cat","embeddable":true,"href":"https:\/\/reveex.com\/agricola\/wp-json\/wp\/v2\/product_cat?post=866"},{"taxonomy":"product_tag","embeddable":true,"href":"https:\/\/reveex.com\/agricola\/wp-json\/wp\/v2\/product_tag?post=866"}],"curies":[{"name":"wp","href":"https:\/\/api.w.org\/{rel}","templated":true}]}}