{"id":861,"date":"2022-04-10T16:20:23","date_gmt":"2022-04-10T16:20:23","guid":{"rendered":"http:\/\/c2540650.ferozo.com\/agricola\/?post_type=product&#038;p=861"},"modified":"2022-04-20T17:22:38","modified_gmt":"2022-04-20T17:22:38","slug":"aldebaran-1lt","status":"publish","type":"product","link":"https:\/\/reveex.com\/agricola\/product\/aldebaran-1lt\/","title":{"rendered":"Aldebaran 1lt"},"content":{"rendered":"<p><strong>Composici\u00f3n: <\/strong><\/p>\n<p>Cipermetrina 4% Metomilo 12%<\/p>\n<p><strong>Dosis de aplicaci\u00f3n:<\/strong><\/p>\n<p>0,5 Lt a 1 Lt\/Ha<\/p>\n<p><strong>C\u00f3digo: <\/strong><\/p>\n<p>PT0007<\/p>\n<p>&nbsp;<\/p>\n","protected":false},"excerpt":{"rendered":"<p><strong> Propiedades:<\/strong><\/p>\n<p align=\"justify\">ALDEBARAN une en un solo producto las propiedades particulares del metomilo y de la cipermetrina, a fin de obtener un efecto total y sobresaliente sobre las plagas. El metomilo es un insecticida carb\u00e1mico, de car\u00e1cter sist\u00e9mico, que act\u00faa tambi\u00e9n por contacto e ingesti\u00f3n y est\u00e1 dotado de poder ovicida &#8211; larvicida. La cipermetrina posee un efecto de choque muy elevado y buena capacidad de acci\u00f3n translaminar sobre orugas minadoras de hojas, a las que destruye f\u00e1cilmente.<\/p>\n<p><strong> Aplicaciones:<\/strong><\/p>\n<p align=\"justify\">Algod\u00f3n: Muy indicado cuando inciden varias plagas al mismo tiempo, como pueden ser orugas (Heliothis), pulgones (Aphididae), moscas blancas (Bemisia tabaci).<\/p>\n<p align=\"justify\">Arroz: Gusano cogollero (Spodoptera frugiperda) en todas las fases del cultivo y Chinche (Nezara Viridula) en la fase vegetativa.<\/p>\n<p align=\"justify\">Ma\u00edz y Sorgo: Gusano cogollero (Spodoptera frugiperda), Mosca del Ovario (Contarinia sorghicola).<\/p>\n<p align=\"justify\">Hort\u00edcolas: Gusano Cogollero (Spodoptera frugiperda), Perforador de fruto (Neuleoucinodes elegantalis), Falso Medidor (Trichoplusia ni), Mosca Blanca (Bemisia tabaci), Trips o piojito (Thrips tabaci).<\/p>\n<p>&nbsp;<\/p>\n","protected":false},"featured_media":940,"template":"","meta":[],"product_brand":[],"product_cat":[43],"product_tag":[44],"class_list":{"0":"post-861","1":"product","2":"type-product","3":"status-publish","4":"has-post-thumbnail","6":"product_cat-insecticidas","7":"product_tag-insecticidas","9":"first","10":"instock","11":"shipping-taxable","12":"product-type-simple"},"_links":{"self":[{"href":"https:\/\/reveex.com\/agricola\/wp-json\/wp\/v2\/product\/861","targetHints":{"allow":["GET"]}}],"collection":[{"href":"https:\/\/reveex.com\/agricola\/wp-json\/wp\/v2\/product"}],"about":[{"href":"https:\/\/reveex.com\/agricola\/wp-json\/wp\/v2\/types\/product"}],"wp:featuredmedia":[{"embeddable":true,"href":"https:\/\/reveex.com\/agricola\/wp-json\/wp\/v2\/media\/940"}],"wp:attachment":[{"href":"https:\/\/reveex.com\/agricola\/wp-json\/wp\/v2\/media?parent=861"}],"wp:term":[{"taxonomy":"product_brand","embeddable":true,"href":"https:\/\/reveex.com\/agricola\/wp-json\/wp\/v2\/product_brand?post=861"},{"taxonomy":"product_cat","embeddable":true,"href":"https:\/\/reveex.com\/agricola\/wp-json\/wp\/v2\/product_cat?post=861"},{"taxonomy":"product_tag","embeddable":true,"href":"https:\/\/reveex.com\/agricola\/wp-json\/wp\/v2\/product_tag?post=861"}],"curies":[{"name":"wp","href":"https:\/\/api.w.org\/{rel}","templated":true}]}}