{"id":858,"date":"2022-04-10T16:11:43","date_gmt":"2022-04-10T16:11:43","guid":{"rendered":"http:\/\/c2540650.ferozo.com\/agricola\/?post_type=product&#038;p=858"},"modified":"2022-04-21T21:47:02","modified_gmt":"2022-04-21T21:47:02","slug":"abaveex-1lt","status":"publish","type":"product","link":"https:\/\/reveex.com\/agricola\/product\/abaveex-1lt\/","title":{"rendered":"Abaveex 1lt"},"content":{"rendered":"<p><strong>Composici\u00f3n: <\/strong><\/p>\n<p>Abamectina 1,8%<\/p>\n<p><strong>Dosis de aplicaci\u00f3n:<\/strong><\/p>\n<p>0,3 Lt a 0,75 Lt\/Ha<\/p>\n<p><strong>C\u00f3digo: <\/strong><\/p>\n<p>PT0003<\/p>\n<p>&nbsp;<\/p>\n","protected":false},"excerpt":{"rendered":"<p><strong> Propiedades:<\/strong><\/p>\n<p align=\"justify\">ABAVEEX es un insecticida natural que se obtiene de la s\u00edntesis por fermentaci\u00f3n del microorganismo del suelo Streptomyces avermitilis. ABAVEEX presenta un amplio espectro en minadores, chupadores y masticadores. Tiene acci\u00f3n penetrante con marcada acci\u00f3n translaminar y residualidad. Presenta elevada actividad a dosis bajas. Act\u00faa bloqueando las se\u00f1ales neurotransmisoras (GABA). En la pr\u00e1ctica, ABAVEEX inmoviliza a \u00e1caros e insectos, estos dejan de alimentarse, de reproducirse y acaban muriendo.<\/p>\n<p><strong> Aplicaciones:<\/strong><\/p>\n<p align=\"justify\">Algod\u00f3n: \u00c1caros (Tetranychus desertorum).<\/p>\n<p align=\"justify\">Tomate: utilizar en la fase vegetativa y reproductiva frente a \u00e1caros (Aculops licopersici), minadores (Phthorimaea operculella), trips (Thrips tabaci) y gusano del tomate (Heliothis).<\/p>\n<p align=\"justify\">Papa: utilizar en fase vegetativa y de tuberizaci\u00f3n frente a pasador de la hoja (Liriomyza quadrata).<\/p>\n<p>&nbsp;<\/p>\n","protected":false},"featured_media":946,"template":"","meta":[],"product_brand":[],"product_cat":[43],"product_tag":[44],"class_list":{"0":"post-858","1":"product","2":"type-product","3":"status-publish","4":"has-post-thumbnail","6":"product_cat-insecticidas","7":"product_tag-insecticidas","9":"first","10":"instock","11":"shipping-taxable","12":"product-type-simple"},"_links":{"self":[{"href":"https:\/\/reveex.com\/agricola\/wp-json\/wp\/v2\/product\/858","targetHints":{"allow":["GET"]}}],"collection":[{"href":"https:\/\/reveex.com\/agricola\/wp-json\/wp\/v2\/product"}],"about":[{"href":"https:\/\/reveex.com\/agricola\/wp-json\/wp\/v2\/types\/product"}],"wp:featuredmedia":[{"embeddable":true,"href":"https:\/\/reveex.com\/agricola\/wp-json\/wp\/v2\/media\/946"}],"wp:attachment":[{"href":"https:\/\/reveex.com\/agricola\/wp-json\/wp\/v2\/media?parent=858"}],"wp:term":[{"taxonomy":"product_brand","embeddable":true,"href":"https:\/\/reveex.com\/agricola\/wp-json\/wp\/v2\/product_brand?post=858"},{"taxonomy":"product_cat","embeddable":true,"href":"https:\/\/reveex.com\/agricola\/wp-json\/wp\/v2\/product_cat?post=858"},{"taxonomy":"product_tag","embeddable":true,"href":"https:\/\/reveex.com\/agricola\/wp-json\/wp\/v2\/product_tag?post=858"}],"curies":[{"name":"wp","href":"https:\/\/api.w.org\/{rel}","templated":true}]}}