{"id":319,"date":"2022-04-06T16:33:48","date_gmt":"2022-04-06T16:33:48","guid":{"rendered":"http:\/\/c2520036.ferozo.com\/laboratorio\/?post_type=product&#038;p=319"},"modified":"2022-04-21T14:02:55","modified_gmt":"2022-04-21T14:02:55","slug":"amox","status":"publish","type":"product","link":"https:\/\/reveex.com\/agricola\/product\/amox\/","title":{"rendered":"Letal-Rat 200grs"},"content":{"rendered":"<p>Rodenticida org\u00e1nico de segunda generaci\u00f3n (superwarfarina)<\/p>\n<p><strong>Composici\u00f3n: <\/strong><\/p>\n<p>Brodifacum 0,005 g\/kg<\/p>\n<p><strong>C\u00f3digo: <\/strong><\/p>\n<p>PT0078<\/p>\n<p>&nbsp;<\/p>\n","protected":false},"excerpt":{"rendered":"<p><strong> Indicaciones:<\/strong><\/p>\n<p align=\"justify\">LETAL RAT produce un efecto anticoagulante profundo y prolongado despu\u00e9s de una simple ingesti\u00f3n. Controla todas las especies de roedores. Es econ\u00f3mico y eficiente por ser uno de los raticidas con menor dosis letal cincuenta (DL50) del mundo, lo que permite realizar un control de roedores con una dosis m\u00ednima. La formulaci\u00f3n es id\u00f3nea para su uso en Salud P\u00fablica, Control Dom\u00e9stico y Agr\u00edcola.<\/p>\n<p align=\"justify\">Est\u00e1 fabricado con insumos frescos altamente palatables para las diferentes especies de roedores. Posee un aroma a queso con sabor atractivo e irresistible. Es capaz de competir favorablemente con comidas alternativas para los roedores, aspecto especialmente importante en los \u00e1mbitos dom\u00e9sticos y agr\u00edcola.<\/p>\n<p><strong> Aplicaciones:<\/strong><\/p>\n<p align=\"justify\">Administrar por v\u00eda oral como cebo. Depositar las bolsitas de LETAL RAT en los lugares de tr\u00e1nsito de las ratas. Reponer los cebos cuando los hayan consumido. Puede aplicarse en: viviendas, bodegas y galpones, producci\u00f3n animal y vegetal, industrias, salud p\u00fablica, en general donde existan problemas con roedores.<\/p>\n<p align=\"justify\">Granel: 1 kg y 25 kg<\/p>\n<p align=\"justify\">Lanzadores (15 g): 1 kg<\/p>\n<p>&nbsp;<\/p>\n","protected":false},"featured_media":932,"template":"","meta":[],"product_brand":[],"product_cat":[50],"product_tag":[49],"class_list":{"0":"post-319","1":"product","2":"type-product","3":"status-publish","4":"has-post-thumbnail","6":"product_cat-rodenticidas","7":"product_tag-rodenticidas","9":"first","10":"instock","11":"shipping-taxable","12":"product-type-simple"},"_links":{"self":[{"href":"https:\/\/reveex.com\/agricola\/wp-json\/wp\/v2\/product\/319","targetHints":{"allow":["GET"]}}],"collection":[{"href":"https:\/\/reveex.com\/agricola\/wp-json\/wp\/v2\/product"}],"about":[{"href":"https:\/\/reveex.com\/agricola\/wp-json\/wp\/v2\/types\/product"}],"wp:featuredmedia":[{"embeddable":true,"href":"https:\/\/reveex.com\/agricola\/wp-json\/wp\/v2\/media\/932"}],"wp:attachment":[{"href":"https:\/\/reveex.com\/agricola\/wp-json\/wp\/v2\/media?parent=319"}],"wp:term":[{"taxonomy":"product_brand","embeddable":true,"href":"https:\/\/reveex.com\/agricola\/wp-json\/wp\/v2\/product_brand?post=319"},{"taxonomy":"product_cat","embeddable":true,"href":"https:\/\/reveex.com\/agricola\/wp-json\/wp\/v2\/product_cat?post=319"},{"taxonomy":"product_tag","embeddable":true,"href":"https:\/\/reveex.com\/agricola\/wp-json\/wp\/v2\/product_tag?post=319"}],"curies":[{"name":"wp","href":"https:\/\/api.w.org\/{rel}","templated":true}]}}